{"id":4765,"date":"2023-03-17T12:34:06","date_gmt":"2023-03-17T12:34:06","guid":{"rendered":"https:\/\/caju.promo\/?page_id=4765"},"modified":"2023-03-17T12:59:13","modified_gmt":"2023-03-17T12:59:13","slug":"caju-insieme-a-kilometroverdeparma","status":"publish","type":"page","link":"https:\/\/caju.promo\/it\/company-buyer\/evoluzione-equilibrata\/caju-insieme-a-kilometroverdeparma\/","title":{"rendered":"Caju&#8217; insieme a KilometroVerdeParma"},"content":{"rendered":"<div class=\"fusion-fullwidth fullwidth-box fusion-builder-row-1 fusion-flex-container hundred-percent-fullwidth non-hundred-percent-height-scrolling\" style=\"--awb-border-radius-top-left:0px;--awb-border-radius-top-right:0px;--awb-border-radius-bottom-right:0px;--awb-border-radius-bottom-left:0px;--awb-padding-top:30px;--awb-padding-top-medium:0px;--awb-padding-top-small:0px;--awb-background-color:#005670;--awb-flex-wrap:wrap;\" ><div class=\"fusion-builder-row fusion-row fusion-flex-align-items-stretch fusion-flex-content-wrap\" style=\"width:104% !important;max-width:104% !important;margin-left: calc(-4% \/ 2 );margin-right: calc(-4% \/ 2 );\"><div class=\"fusion-layout-column fusion_builder_column fusion-builder-column-0 fusion_builder_column_1_1 1_1 fusion-flex-column\" style=\"--awb-padding-top:5%;--awb-padding-right:5%;--awb-padding-bottom:5%;--awb-padding-left:5%;--awb-bg-size:cover;--awb-width-large:100%;--awb-margin-top-large:20px;--awb-spacing-right-large:1.92%;--awb-margin-bottom-large:20px;--awb-spacing-left-large:1.92%;--awb-width-medium:100%;--awb-order-medium:0;--awb-spacing-right-medium:1.92%;--awb-spacing-left-medium:1.92%;--awb-width-small:100%;--awb-order-small:0;--awb-spacing-right-small:1.92%;--awb-spacing-left-small:1.92%;\"><div class=\"fusion-column-wrapper fusion-column-has-shadow fusion-flex-justify-content-flex-start fusion-content-layout-column\"><div class=\"fusion-title title fusion-title-1 fusion-sep-none fusion-title-center fusion-title-text fusion-title-size-two fusion-animated\" style=\"--awb-margin-top-small:10px;--awb-margin-right-small:0px;--awb-margin-bottom-small:15px;--awb-margin-left-small:0px;\" data-animationType=\"slideInUp\" data-animationDuration=\"1.6\" data-animationOffset=\"top-into-view\"><h2 class=\"fusion-title-heading title-heading-center fusion-responsive-typography-calculated\" style=\"margin:0;--fontSize:36;line-height:1.28;\"><p style=\"text-align: center;\">Caju&#8217; insieme a KilometroVerdeParma<\/p><\/h2><\/div><div class=\"fusion-separator fusion-no-small-visibility fusion-full-width-sep\" style=\"align-self: center;margin-left: auto;margin-right: auto;margin-top:20px;width:100%;\"><\/div><div class=\"fusion-text fusion-text-1 fusion-animated\" style=\"--awb-text-transform:none;--awb-text-color:#ffffff;\" data-animationType=\"slideInUp\" data-animationDuration=\"2.0\" data-animationOffset=\"top-into-view\"><div class=\"fusion-text fusion-text-1\">\n<div class=\"fusion-text fusion-text-1\"><\/div>\n<p style=\"text-align: center;\">CAJU\u2019 CON IL CONSORZIO FORESTALE KILOMETROVERDEPARMA<\/p>\n<p style=\"text-align: center;\">PER LO SVILUPPO SOSTENIBILE DEL TERRITORIO<\/p>\n<p>\u00c8 con piacere che Caju\u2019 annuncia di aver aderito al <strong>Consorzio Forestale KilometroVerdeParma <\/strong>che si occupa di creare aree verdi e boschi permanenti all&#8217;interno del territorio di Parma e provincia. Un progetto concreto per ridurre l&#8217;impatto ambientale, contrastare il cambiamento climatico e promuovere la biodiversit\u00e0, partendo dal nostro prezioso territorio.<\/p>\n<p>Caju\u2019 \u00e8 una realt\u00e0 giovane e dinamica che offre consulenza aziendale per percorsi di innovazione sostenibile e che, come company buyer, sviluppa e fornisce soluzioni di packaging,<img decoding=\"async\" class=\"lazyload wp-image-4766 alignright\" src=\"https:\/\/caju.promo\/wp-content\/uploads\/2023\/03\/Foto1-1024x1024.png\" data-orig-src=\"https:\/\/caju.promo\/wp-content\/uploads\/2023\/03\/Foto1-1024x1024.png\" alt=\"\" width=\"398\" height=\"398\" srcset=\"data:image\/svg+xml,%3Csvg%20xmlns%3D%27http%3A%2F%2Fwww.w3.org%2F2000%2Fsvg%27%20width%3D%27398%27%20height%3D%27398%27%20viewBox%3D%270%200%20398%20398%27%3E%3Crect%20width%3D%27398%27%20height%3D%27398%27%20fill-opacity%3D%220%22%2F%3E%3C%2Fsvg%3E\" data-srcset=\"https:\/\/caju.promo\/wp-content\/uploads\/2023\/03\/Foto1-66x66.png 66w, https:\/\/caju.promo\/wp-content\/uploads\/2023\/03\/Foto1-132x132.png 132w, https:\/\/caju.promo\/wp-content\/uploads\/2023\/03\/Foto1-150x150.png 150w, https:\/\/caju.promo\/wp-content\/uploads\/2023\/03\/Foto1-200x200.png 200w, https:\/\/caju.promo\/wp-content\/uploads\/2023\/03\/Foto1-300x300.png 300w, https:\/\/caju.promo\/wp-content\/uploads\/2023\/03\/Foto1-400x400.png 400w, https:\/\/caju.promo\/wp-content\/uploads\/2023\/03\/Foto1-500x500.png 500w, https:\/\/caju.promo\/wp-content\/uploads\/2023\/03\/Foto1-600x600.png 600w, https:\/\/caju.promo\/wp-content\/uploads\/2023\/03\/Foto1-700x700.png 700w, https:\/\/caju.promo\/wp-content\/uploads\/2023\/03\/Foto1-768x768.png 768w, https:\/\/caju.promo\/wp-content\/uploads\/2023\/03\/Foto1-800x800.png 800w, https:\/\/caju.promo\/wp-content\/uploads\/2023\/03\/Foto1-1024x1024.png 1024w, https:\/\/caju.promo\/wp-content\/uploads\/2023\/03\/Foto1.png 1080w\" data-sizes=\"auto\" data-orig-sizes=\"(max-width: 398px) 100vw, 398px\" \/> gift e abbigliamento sostenibili.<br \/>\n\u201cSiamo quotidianamente a fianco delle aziende partner per ricercare costantemente e in<br \/>\nmaniera fattuale il miglior equilibrio tra profitto economico, salute dell\u2019ambiente e centralit\u00e0<br \/>\ndella persona\u201d dichiara Andrea Armagni, fondatore e amministratore unico di Caju\u2019.\u00a0 \u201cDiventare socio sostenitore del Consorzio Forestale KilometroVerdeParma \u00e8 una tappa del nostro percorso e non un\u2019iniziativa collaterale. Crediamo nel territorio, nella comunit\u00e0 e ci impegniamo per renderli ogni giorno migliori. Facciamo impresa considerando la sostenibilit\u00e0 il nostro core business, siamo alla continua ricerca di innovazione per guidare le aziende partner verso un\u2019Evoluzione Equilibrata. Le nostre scelte, inclusa quella di unirsi al progetto KilometroVerdeParma, sono costantemente orientate all\u2019evoluzione sostenibile nostra e dei nostri partner.\u201d<\/p>\n<p>Continua Armagni \u201cRiteniamo tutto questo un valore e siamo convinti che solo cos\u00ec si<br \/>\npossa guardare al futuro con fiducia. Siamo orgogliosi che il Consiglio di Amministrazione del<br \/>\nConsorzio Forestale KilometroVerdeParma abbia deliberato la nostra adesione e non faremo<br \/>\nmancare il nostro contributo per raggiungere i nostri comuni obiettivi. L\u2019entusiasmo \u00e8 tanto,<br \/>\nquest\u2019anno abbiamo lavorato con il Consorzio alla redazione e alla progettazione del bilancio<br \/>\nsociale 2022 e non intendiamo fermarci qui\u201d.<\/p>\n<p>\u201cSempre pi\u00f9 realt\u00e0 del territorio scelgono di abbracciare il progetto KilometroVerdeParma e i valori della sostenibilit\u00e0; siamo felici oggi di dare il benvenuto a Caju\u2019. Il Consorzio conta ad oggi 91 soci che condividono con noi una visione volta a promuovere il rispetto per l\u2019ambiente e la volont\u00e0 di contrastare il cambiamento climatico, partendo da gesti semplici ma concreti come quello di piantare alberi, con l\u2019intento di lasciare alle generazioni future un mondo<br \/>\nmigliore. Ad oggi abbiamo messo a dimora oltre 50.000 piante, grazie all&#8217;impegno attivo di imprese, associazioni non-profit, associazioni di categoria, privati cittadini, e al dialogo costante con il mondo delle Istituzioni e della Scuola che portiamo avanti costantemente, in una logica di coinvolgimento e partecipazione nella quale crediamo profondamente&#8221; ha dichiarato Maria Paola Chiesi, Presidente del Consorzio Forestale KilometroVerdeParma.<\/p>\n<\/div>\n<p><img decoding=\"async\" class=\"lazyload alignnone wp-image-4767\" src=\"https:\/\/caju.promo\/wp-content\/uploads\/2023\/03\/Foto-2-1024x256.png\" data-orig-src=\"https:\/\/caju.promo\/wp-content\/uploads\/2023\/03\/Foto-2-1024x256.png\" alt=\"\" width=\"1044\" height=\"261\" srcset=\"data:image\/svg+xml,%3Csvg%20xmlns%3D%27http%3A%2F%2Fwww.w3.org%2F2000%2Fsvg%27%20width%3D%271044%27%20height%3D%27261%27%20viewBox%3D%270%200%201044%20261%27%3E%3Crect%20width%3D%271044%27%20height%3D%27261%27%20fill-opacity%3D%220%22%2F%3E%3C%2Fsvg%3E\" data-srcset=\"https:\/\/caju.promo\/wp-content\/uploads\/2023\/03\/Foto-2-200x50.png 200w, https:\/\/caju.promo\/wp-content\/uploads\/2023\/03\/Foto-2-300x75.png 300w, https:\/\/caju.promo\/wp-content\/uploads\/2023\/03\/Foto-2-400x100.png 400w, https:\/\/caju.promo\/wp-content\/uploads\/2023\/03\/Foto-2-500x125.png 500w, https:\/\/caju.promo\/wp-content\/uploads\/2023\/03\/Foto-2-600x150.png 600w, https:\/\/caju.promo\/wp-content\/uploads\/2023\/03\/Foto-2-700x175.png 700w, https:\/\/caju.promo\/wp-content\/uploads\/2023\/03\/Foto-2-768x192.png 768w, https:\/\/caju.promo\/wp-content\/uploads\/2023\/03\/Foto-2-800x200.png 800w, https:\/\/caju.promo\/wp-content\/uploads\/2023\/03\/Foto-2-1024x256.png 1024w, https:\/\/caju.promo\/wp-content\/uploads\/2023\/03\/Foto-2-1200x300.png 1200w, https:\/\/caju.promo\/wp-content\/uploads\/2023\/03\/Foto-2-1536x384.png 1536w, https:\/\/caju.promo\/wp-content\/uploads\/2023\/03\/Foto-2.png 1584w\" data-sizes=\"auto\" data-orig-sizes=\"(max-width: 1044px) 100vw, 1044px\" \/><\/p>\n<\/div><\/div><\/div><\/div><\/div>\n","protected":false},"excerpt":{"rendered":"","protected":false},"author":2,"featured_media":0,"parent":2474,"menu_order":0,"comment_status":"closed","ping_status":"closed","template":"100-width.php","meta":{"footnotes":""},"class_list":["post-4765","page","type-page","status-publish","hentry"],"_links":{"self":[{"href":"https:\/\/caju.promo\/it\/wp-json\/wp\/v2\/pages\/4765","targetHints":{"allow":["GET"]}}],"collection":[{"href":"https:\/\/caju.promo\/it\/wp-json\/wp\/v2\/pages"}],"about":[{"href":"https:\/\/caju.promo\/it\/wp-json\/wp\/v2\/types\/page"}],"author":[{"embeddable":true,"href":"https:\/\/caju.promo\/it\/wp-json\/wp\/v2\/users\/2"}],"replies":[{"embeddable":true,"href":"https:\/\/caju.promo\/it\/wp-json\/wp\/v2\/comments?post=4765"}],"version-history":[{"count":4,"href":"https:\/\/caju.promo\/it\/wp-json\/wp\/v2\/pages\/4765\/revisions"}],"predecessor-version":[{"id":4777,"href":"https:\/\/caju.promo\/it\/wp-json\/wp\/v2\/pages\/4765\/revisions\/4777"}],"up":[{"embeddable":true,"href":"https:\/\/caju.promo\/it\/wp-json\/wp\/v2\/pages\/2474"}],"wp:attachment":[{"href":"https:\/\/caju.promo\/it\/wp-json\/wp\/v2\/media?parent=4765"}],"curies":[{"name":"wp","href":"https:\/\/api.w.org\/{rel}","templated":true}]}}