{"id":4296,"date":"2022-06-30T13:52:24","date_gmt":"2022-06-30T13:52:24","guid":{"rendered":"https:\/\/caju.promo\/?page_id=4296"},"modified":"2022-06-30T13:55:00","modified_gmt":"2022-06-30T13:55:00","slug":"zaini-e-borse-di-carta-resistenti-e-lavabili","status":"publish","type":"page","link":"https:\/\/caju.promo\/it\/company-buyer\/evoluzione-equilibrata\/zaini-e-borse-di-carta-resistenti-e-lavabili\/","title":{"rendered":"Zaini e borse"},"content":{"rendered":"<div class=\"fusion-fullwidth fullwidth-box fusion-builder-row-1 fusion-flex-container hundred-percent-fullwidth non-hundred-percent-height-scrolling\" style=\"--awb-border-radius-top-left:0px;--awb-border-radius-top-right:0px;--awb-border-radius-bottom-right:0px;--awb-border-radius-bottom-left:0px;--awb-padding-top:30px;--awb-padding-top-medium:0px;--awb-padding-top-small:0px;--awb-background-color:#005670;--awb-flex-wrap:wrap;\" ><div class=\"fusion-builder-row fusion-row fusion-flex-align-items-stretch fusion-flex-content-wrap\" style=\"width:104% !important;max-width:104% !important;margin-left: calc(-4% \/ 2 );margin-right: calc(-4% \/ 2 );\"><div class=\"fusion-layout-column fusion_builder_column fusion-builder-column-0 fusion_builder_column_1_1 1_1 fusion-flex-column\" style=\"--awb-padding-top:5%;--awb-padding-right:5%;--awb-padding-bottom:5%;--awb-padding-left:5%;--awb-bg-size:cover;--awb-width-large:100%;--awb-margin-top-large:20px;--awb-spacing-right-large:1.92%;--awb-margin-bottom-large:20px;--awb-spacing-left-large:1.92%;--awb-width-medium:100%;--awb-order-medium:0;--awb-spacing-right-medium:1.92%;--awb-spacing-left-medium:1.92%;--awb-width-small:100%;--awb-order-small:0;--awb-spacing-right-small:1.92%;--awb-spacing-left-small:1.92%;\"><div class=\"fusion-column-wrapper fusion-column-has-shadow fusion-flex-justify-content-flex-start fusion-content-layout-column\"><div class=\"fusion-title title fusion-title-1 fusion-sep-none fusion-title-center fusion-title-text fusion-title-size-two fusion-animated\" style=\"--awb-margin-top-small:10px;--awb-margin-right-small:0px;--awb-margin-bottom-small:15px;--awb-margin-left-small:0px;\" data-animationType=\"slideInUp\" data-animationDuration=\"1.6\" data-animationOffset=\"top-into-view\"><h2 class=\"fusion-title-heading title-heading-center fusion-responsive-typography-calculated\" style=\"margin:0;--fontSize:36;line-height:1.28;\"><p style=\"text-align: center;\">Zaini e borse di carta resistenti e lavabili<\/p><\/h2><\/div><div class=\"fusion-separator fusion-no-small-visibility fusion-full-width-sep\" style=\"align-self: center;margin-left: auto;margin-right: auto;margin-top:20px;width:100%;\"><\/div><div class=\"fusion-text fusion-text-1 fusion-animated\" style=\"--awb-text-transform:none;--awb-text-color:#ffffff;\" data-animationType=\"slideInUp\" data-animationDuration=\"2.0\" data-animationOffset=\"top-into-view\"><div class=\"fusion-text fusion-text-1\">\n<p style=\"font-weight: 400;\">In viaggio, durante le escursioni, per passeggiare in citt\u00e0 o per andare a lavoro, lo zaino o la borsa \u00e8 da sempre un accessorio indispensabile per il trasporto di qualsiasi tipo di oggetto. La vasta gamma di zaini e borse si arricchisce di una nuova soluzione dall\u2019aspetto naturale in una <strong>carta kraft lavabile<\/strong>.<\/p>\n<p style=\"font-weight: 400;\">Gli zaini e le borse hanno da sempre rappresentato un simbolo importante, quasi iconici. Questo \u00e8 uno dei motivi dell\u2019importanza di sceglierli <strong>sostenibili<\/strong>: \u00e8 fondamentale che donne e uomini di tutte le et\u00e0 guardino alla sostenibilit\u00e0 ambientale anche nella scelta di questi prodotti. Le aziende possono contribuire ed essere protagonisti di questa transizione che richiede impegno e dedizione. La scelta di prodotti ecologici, infatti, \u00e8 uno dei passi fondamentali per affrontare la crisi ambientale e climatica.<\/p>\n<p style=\"font-weight: 400;\">Questi articoli di tendenza rappresentano uno strumento di lavoro e di studio utile e gradito da adulti e giovani, trasmettono un forte messaggio di sostenibilit\u00e0 e permettono di promuovere il brand aziendale con la personalizzazione del logo sulla soluzione preferita.<\/p>\n<p style=\"font-weight: 400;\"><img decoding=\"async\" class=\"lazyload wp-image-4290 alignright\" src=\"https:\/\/caju.promo\/wp-content\/uploads\/2022\/06\/unnamed.png\" data-orig-src=\"https:\/\/caju.promo\/wp-content\/uploads\/2022\/06\/unnamed.png\" alt=\"\" width=\"206\" height=\"256\" srcset=\"data:image\/svg+xml,%3Csvg%20xmlns%3D%27http%3A%2F%2Fwww.w3.org%2F2000%2Fsvg%27%20width%3D%27206%27%20height%3D%27256%27%20viewBox%3D%270%200%20206%20256%27%3E%3Crect%20width%3D%27206%27%20height%3D%27256%27%20fill-opacity%3D%220%22%2F%3E%3C%2Fsvg%3E\" data-srcset=\"https:\/\/caju.promo\/wp-content\/uploads\/2022\/06\/unnamed-200x249.png 200w, https:\/\/caju.promo\/wp-content\/uploads\/2022\/06\/unnamed-241x300.png 241w, https:\/\/caju.promo\/wp-content\/uploads\/2022\/06\/unnamed-400x498.png 400w, https:\/\/caju.promo\/wp-content\/uploads\/2022\/06\/unnamed-500x622.png 500w, https:\/\/caju.promo\/wp-content\/uploads\/2022\/06\/unnamed-600x747.png 600w, https:\/\/caju.promo\/wp-content\/uploads\/2022\/06\/unnamed-700x871.png 700w, https:\/\/caju.promo\/wp-content\/uploads\/2022\/06\/unnamed-768x956.png 768w, https:\/\/caju.promo\/wp-content\/uploads\/2022\/06\/unnamed-800x996.png 800w, https:\/\/caju.promo\/wp-content\/uploads\/2022\/06\/unnamed-823x1024.png 823w, https:\/\/caju.promo\/wp-content\/uploads\/2022\/06\/unnamed-1200x1493.png 1200w, https:\/\/caju.promo\/wp-content\/uploads\/2022\/06\/unnamed-1234x1536.png 1234w, https:\/\/caju.promo\/wp-content\/uploads\/2022\/06\/unnamed.png 1464w\" data-sizes=\"auto\" data-orig-sizes=\"(max-width: 206px) 100vw, 206px\" \/><\/p>\n<p style=\"font-weight: 400;\">Lo <strong>Zaino<\/strong> Kraft ha un interno in cotone per permette il trasporto di oggetti, tecnologici e delicati, in totale cura e sicurezza grazie all\u2019innovativo rinforzo in schiuma.<\/p>\n<p>Lo zaino \u00e8 lavabile ed \u00e8 un oggetto estremamente adatto anche come borsa da scuola o per una giornata all\u2019aria aperta.<\/p>\n<p><img decoding=\"async\" class=\"lazyload wp-image-4289 alignleft\" src=\"https:\/\/caju.promo\/wp-content\/uploads\/2022\/06\/unnamed-1.png\" data-orig-src=\"https:\/\/caju.promo\/wp-content\/uploads\/2022\/06\/unnamed-1.png\" alt=\"\" width=\"202\" height=\"243\" srcset=\"data:image\/svg+xml,%3Csvg%20xmlns%3D%27http%3A%2F%2Fwww.w3.org%2F2000%2Fsvg%27%20width%3D%27202%27%20height%3D%27243%27%20viewBox%3D%270%200%20202%20243%27%3E%3Crect%20width%3D%27202%27%20height%3D%27243%27%20fill-opacity%3D%220%22%2F%3E%3C%2Fsvg%3E\" data-srcset=\"https:\/\/caju.promo\/wp-content\/uploads\/2022\/06\/unnamed-1-200x241.png 200w, https:\/\/caju.promo\/wp-content\/uploads\/2022\/06\/unnamed-1-249x300.png 249w, https:\/\/caju.promo\/wp-content\/uploads\/2022\/06\/unnamed-1-400x483.png 400w, https:\/\/caju.promo\/wp-content\/uploads\/2022\/06\/unnamed-1-500x603.png 500w, https:\/\/caju.promo\/wp-content\/uploads\/2022\/06\/unnamed-1-600x724.png 600w, https:\/\/caju.promo\/wp-content\/uploads\/2022\/06\/unnamed-1-700x844.png 700w, https:\/\/caju.promo\/wp-content\/uploads\/2022\/06\/unnamed-1-768x926.png 768w, https:\/\/caju.promo\/wp-content\/uploads\/2022\/06\/unnamed-1-800x965.png 800w, https:\/\/caju.promo\/wp-content\/uploads\/2022\/06\/unnamed-1-849x1024.png 849w, https:\/\/caju.promo\/wp-content\/uploads\/2022\/06\/unnamed-1-1200x1448.png 1200w, https:\/\/caju.promo\/wp-content\/uploads\/2022\/06\/unnamed-1-1273x1536.png 1273w, https:\/\/caju.promo\/wp-content\/uploads\/2022\/06\/unnamed-1.png 1658w\" data-sizes=\"auto\" data-orig-sizes=\"(max-width: 202px) 100vw, 202px\" \/><\/p>\n<p>Questa <strong>Shopper<\/strong> in formato grande \u00e8 adatta al trasporto di oggetti grazie alla carta kraft rinforzata.<\/p>\n<p>Le grandi dimensioni rendono questa borsa un vero colpo d\u2019occhio e la sua realizzazione in carta trasmette sostenibilit\u00e0 a primo impatto. Adatta per la spesa, per una scampagnata fuori citt\u00e0 o semplicemente per la quotidianit\u00e0 di ognuno.<\/p>\n<\/div>\n<\/div><\/div><\/div><\/div><\/div>\n","protected":false},"excerpt":{"rendered":"","protected":false},"author":2,"featured_media":0,"parent":2474,"menu_order":0,"comment_status":"closed","ping_status":"closed","template":"100-width.php","meta":{"_vp_format_video_url":"","_vp_image_focal_point":[],"footnotes":""},"class_list":["post-4296","page","type-page","status-publish","hentry"],"_links":{"self":[{"href":"https:\/\/caju.promo\/it\/wp-json\/wp\/v2\/pages\/4296","targetHints":{"allow":["GET"]}}],"collection":[{"href":"https:\/\/caju.promo\/it\/wp-json\/wp\/v2\/pages"}],"about":[{"href":"https:\/\/caju.promo\/it\/wp-json\/wp\/v2\/types\/page"}],"author":[{"embeddable":true,"href":"https:\/\/caju.promo\/it\/wp-json\/wp\/v2\/users\/2"}],"replies":[{"embeddable":true,"href":"https:\/\/caju.promo\/it\/wp-json\/wp\/v2\/comments?post=4296"}],"version-history":[{"count":2,"href":"https:\/\/caju.promo\/it\/wp-json\/wp\/v2\/pages\/4296\/revisions"}],"predecessor-version":[{"id":4299,"href":"https:\/\/caju.promo\/it\/wp-json\/wp\/v2\/pages\/4296\/revisions\/4299"}],"up":[{"embeddable":true,"href":"https:\/\/caju.promo\/it\/wp-json\/wp\/v2\/pages\/2474"}],"wp:attachment":[{"href":"https:\/\/caju.promo\/it\/wp-json\/wp\/v2\/media?parent=4296"}],"curies":[{"name":"wp","href":"https:\/\/api.w.org\/{rel}","templated":true}]}}