{"id":3774,"date":"2022-06-20T08:38:11","date_gmt":"2022-06-20T08:38:11","guid":{"rendered":"https:\/\/caju.promo\/?page_id=3774"},"modified":"2022-06-20T08:38:11","modified_gmt":"2022-06-20T08:38:11","slug":"etichettatura-ambientale","status":"publish","type":"page","link":"https:\/\/caju.promo\/it\/etichettatura-ambientale\/","title":{"rendered":"Etichettatura ambientale"},"content":{"rendered":"<div class=\"fusion-fullwidth fullwidth-box fusion-builder-row-1 fusion-flex-container hundred-percent-fullwidth non-hundred-percent-height-scrolling\" style=\"--awb-border-radius-top-left:0px;--awb-border-radius-top-right:0px;--awb-border-radius-bottom-right:0px;--awb-border-radius-bottom-left:0px;--awb-padding-top:30px;--awb-padding-top-medium:0px;--awb-padding-top-small:0px;--awb-background-color:#005670;--awb-flex-wrap:wrap;\" ><div class=\"fusion-builder-row fusion-row fusion-flex-align-items-stretch fusion-flex-content-wrap\" style=\"width:104% !important;max-width:104% !important;margin-left: calc(-4% \/ 2 );margin-right: calc(-4% \/ 2 );\"><div class=\"fusion-layout-column fusion_builder_column fusion-builder-column-0 fusion_builder_column_1_1 1_1 fusion-flex-column\" style=\"--awb-padding-top:5%;--awb-padding-right:5%;--awb-padding-bottom:5%;--awb-padding-left:5%;--awb-bg-size:cover;--awb-width-large:100%;--awb-margin-top-large:20px;--awb-spacing-right-large:1.92%;--awb-margin-bottom-large:20px;--awb-spacing-left-large:1.92%;--awb-width-medium:100%;--awb-order-medium:0;--awb-spacing-right-medium:1.92%;--awb-spacing-left-medium:1.92%;--awb-width-small:100%;--awb-order-small:0;--awb-spacing-right-small:1.92%;--awb-spacing-left-small:1.92%;\"><div class=\"fusion-column-wrapper fusion-column-has-shadow fusion-flex-justify-content-flex-start fusion-content-layout-column\"><div class=\"fusion-title title fusion-title-1 fusion-sep-none fusion-title-center fusion-title-text fusion-title-size-two fusion-animated\" style=\"--awb-margin-top-small:10px;--awb-margin-right-small:0px;--awb-margin-bottom-small:15px;--awb-margin-left-small:0px;\" data-animationType=\"slideInUp\" data-animationDuration=\"1.6\" data-animationOffset=\"top-into-view\"><h2 class=\"fusion-title-heading title-heading-center fusion-responsive-typography-calculated\" style=\"margin:0;--fontSize:36;line-height:1.28;\"><p style=\"text-align: center;\">Etichettatura ambientale<\/p><\/h2><\/div><div class=\"fusion-separator fusion-no-small-visibility fusion-full-width-sep\" style=\"align-self: center;margin-left: auto;margin-right: auto;margin-top:20px;width:100%;\"><\/div><div class=\"fusion-text fusion-text-1 fusion-animated\" style=\"--awb-text-transform:none;--awb-text-color:#ffffff;\" data-animationType=\"slideInUp\" data-animationDuration=\"2.0\" data-animationOffset=\"top-into-view\"><div class=\"fusion-text fusion-text-1\">\n<p>L\u2019etichettatura dei prodotti sta diventando per le aziende del settore un\u2019attivit\u00e0 sempre pi\u00f9 critica.<img decoding=\"async\" class=\"lazyload size-medium wp-image-3776 alignright\" src=\"https:\/\/caju.promo\/wp-content\/uploads\/2022\/06\/etichettatura-ambientale-286x300.png\" data-orig-src=\"https:\/\/caju.promo\/wp-content\/uploads\/2022\/06\/etichettatura-ambientale-286x300.png\" alt=\"\" width=\"286\" height=\"300\" srcset=\"data:image\/svg+xml,%3Csvg%20xmlns%3D%27http%3A%2F%2Fwww.w3.org%2F2000%2Fsvg%27%20width%3D%27286%27%20height%3D%27300%27%20viewBox%3D%270%200%20286%20300%27%3E%3Crect%20width%3D%27286%27%20height%3D%27300%27%20fill-opacity%3D%220%22%2F%3E%3C%2Fsvg%3E\" data-srcset=\"https:\/\/caju.promo\/wp-content\/uploads\/2022\/06\/etichettatura-ambientale-200x210.png 200w, https:\/\/caju.promo\/wp-content\/uploads\/2022\/06\/etichettatura-ambientale-286x300.png 286w, https:\/\/caju.promo\/wp-content\/uploads\/2022\/06\/etichettatura-ambientale-400x420.png 400w, https:\/\/caju.promo\/wp-content\/uploads\/2022\/06\/etichettatura-ambientale-500x525.png 500w, https:\/\/caju.promo\/wp-content\/uploads\/2022\/06\/etichettatura-ambientale-600x630.png 600w, https:\/\/caju.promo\/wp-content\/uploads\/2022\/06\/etichettatura-ambientale.png 638w\" data-sizes=\"auto\" data-orig-sizes=\"(max-width: 286px) 100vw, 286px\" \/><\/p>\n<p>L\u2019interesse crescente da parte dei consumatori alle informazioni indicate in etichetta e le novit\u00e0 introdotte a <strong>livello normativo<\/strong> negli ultimi anni aumentano l\u2019attenzione richiesta alle aziende per presentare un\u2019etichetta corretta.<\/p>\n<p>L\u2019etichetta \u00e8 sempre pi\u00f9 importante per far prendere <strong>decisioni consapevoli<\/strong> al consumatore finale e pu\u00f2 essere cruciale nell\u2019orientare gli acquisti. Riporta una serie di informazioni &#8211; obbligatorie per legge &#8211; importanti per tutelare la salute e per avere parametri di valutazione uniformi. Ma sempre pi\u00f9 spesso \u00e8 l\u2019utilizzo delle informazioni volontarie ad avere un impatto sul consumatore ai fini della scelta del prodotto.<\/p>\n<p>Etichettatura e sostenibilit\u00e0 ambientale sono\u00a0tra gli argomenti di <strong>maggiore interesse<\/strong> degli ultimi anni, e degli ultimi mesi.<\/p>\n<p>Queste tematiche si riflettono anche sulle scelte organizzative e gestionali che possono &#8211; e in alcuni casi devono &#8211; essere attuate dalle aziende di tutti i settori.<\/p>\n<p>Caju\u2019 \u00e8 in prima linea in questa sfida culturale e di business.<\/p>\n<p><img decoding=\"async\" class=\"lazyload size-medium wp-image-3775 alignleft\" src=\"https:\/\/caju.promo\/wp-content\/uploads\/2022\/06\/etichetta-300x230.png\" data-orig-src=\"https:\/\/caju.promo\/wp-content\/uploads\/2022\/06\/etichetta-300x230.png\" alt=\"\" width=\"300\" height=\"230\" srcset=\"data:image\/svg+xml,%3Csvg%20xmlns%3D%27http%3A%2F%2Fwww.w3.org%2F2000%2Fsvg%27%20width%3D%27300%27%20height%3D%27230%27%20viewBox%3D%270%200%20300%20230%27%3E%3Crect%20width%3D%27300%27%20height%3D%27230%27%20fill-opacity%3D%220%22%2F%3E%3C%2Fsvg%3E\" data-srcset=\"https:\/\/caju.promo\/wp-content\/uploads\/2022\/06\/etichetta-200x153.png 200w, https:\/\/caju.promo\/wp-content\/uploads\/2022\/06\/etichetta-300x230.png 300w, https:\/\/caju.promo\/wp-content\/uploads\/2022\/06\/etichetta-400x307.png 400w, https:\/\/caju.promo\/wp-content\/uploads\/2022\/06\/etichetta.png 420w\" data-sizes=\"auto\" data-orig-sizes=\"(max-width: 300px) 100vw, 300px\" \/><\/p>\n<p>\u00c8 notorio che, dato l\u2019interesse dei consumatori, le attivit\u00e0 legate alla sostenibilit\u00e0 ambientale intraprese dalle aziende vengono utilizzate dalle stesse anche con <strong>finalit\u00e0 reputazionali<\/strong>.<\/p>\n<p>Le nuove prescrizioni per l\u2019etichettatura ambientale provano a delineare un quadro normativo chiaro con riguardo agli imballaggi e al packaging di tutti i prodotti, compresi quelli alimentari.<\/p>\n<p>Tra le novit\u00e0 legislative vi sono i criteri\u00a0con cui il produttore deve dare\u00a0informazione dell\u2019attivit\u00e0 di gestione\u00a0dei rifiuti da imballaggio, in particolare:<\/p>\n<ul>\n<li>obbligo di etichettatura degli imballaggi, che deve essere attuata in base a norme UNI<\/li>\n<li>obbligo\u00a0per i produttori\u00a0di\u00a0indicare la natura dei materiali\u00a0utilizzati per l\u2019imballaggio al fine di consentirne a fine vita una corretta separazione\/smaltimento e una possibile riciclabilit\u00e0<\/li>\n<\/ul>\n<p>Caju\u2019 affianca i produttori, i fornitori di materiali di imballaggio, i fabbricanti, i trasformatori e gli importatori di imballaggi vuoti e di materiali di imballaggio anche nell\u2019indicazione relativa agli\u00a0imballaggi compostabili o biodegradabili, in modo da tracciarli e separarli dagli altri negli impianti di selezione e riciclo dei rifiuti.<\/p>\n<p>Sul punto l\u2019attivit\u00e0 di Caju\u2019 \u00e8 duplice in quanto, da una parte, \u00e8 <strong>impegnata direttamente<\/strong>, quale soggetto destinatario delle prescrizioni normative, e, dall\u2019altro, svolge funzioni di <strong>consulenza<\/strong> in favore di realt\u00e0 aziendali che preferiscono farsi guidare in questo percorso.<\/p>\n<p>La regolamentazione in vigore \u00e8 caratterizzata da un elevato livello di tecnicalit\u00e0 come, ad esempio, menzione della\u00a0conformit\u00e0 degli standard europei\u00a0&#8211; EN 13432 per imballaggi compostabili o biodegradabili, oppure EN 14995 per altre componenti diverse da imballaggi.<\/p>\n<p>L\u2019obbligo di legge che ci spinge a prestare pi\u00f9 attenzione nel differenziare a fine vita il rifiuto per, ove possibile, farlo diventare rifiuto\/materia prima seconda, quindi una nuova risorsa.<\/p>\n<p>Caju\u2019 continua sulla strada dell\u2019<strong>evoluzione sostenibile<\/strong> ed <strong>equilibrata<\/strong> impegnandosi il pi\u00f9 possibile nello sviluppo di pack monomateriale e semplificando la gestione del &#8216;rifiuto&#8217; al cliente finale.<\/p>\n<\/div>\n<\/div><\/div><\/div><\/div><\/div>\n","protected":false},"excerpt":{"rendered":"","protected":false},"author":2,"featured_media":0,"parent":0,"menu_order":0,"comment_status":"closed","ping_status":"closed","template":"","meta":{"_vp_format_video_url":"","_vp_image_focal_point":[],"footnotes":""},"class_list":["post-3774","page","type-page","status-publish","hentry"],"_links":{"self":[{"href":"https:\/\/caju.promo\/it\/wp-json\/wp\/v2\/pages\/3774","targetHints":{"allow":["GET"]}}],"collection":[{"href":"https:\/\/caju.promo\/it\/wp-json\/wp\/v2\/pages"}],"about":[{"href":"https:\/\/caju.promo\/it\/wp-json\/wp\/v2\/types\/page"}],"author":[{"embeddable":true,"href":"https:\/\/caju.promo\/it\/wp-json\/wp\/v2\/users\/2"}],"replies":[{"embeddable":true,"href":"https:\/\/caju.promo\/it\/wp-json\/wp\/v2\/comments?post=3774"}],"version-history":[{"count":1,"href":"https:\/\/caju.promo\/it\/wp-json\/wp\/v2\/pages\/3774\/revisions"}],"predecessor-version":[{"id":3777,"href":"https:\/\/caju.promo\/it\/wp-json\/wp\/v2\/pages\/3774\/revisions\/3777"}],"wp:attachment":[{"href":"https:\/\/caju.promo\/it\/wp-json\/wp\/v2\/media?parent=3774"}],"curies":[{"name":"wp","href":"https:\/\/api.w.org\/{rel}","templated":true}]}}