{"id":3194,"date":"2022-04-27T08:39:49","date_gmt":"2022-04-27T08:39:49","guid":{"rendered":"https:\/\/caju.promo\/?page_id=3194"},"modified":"2025-11-20T14:41:23","modified_gmt":"2025-11-20T14:41:23","slug":"certificazioni","status":"publish","type":"page","link":"https:\/\/caju.promo\/it\/certificazioni\/","title":{"rendered":"Certificazioni"},"content":{"rendered":"<div class=\"fusion-fullwidth fullwidth-box fusion-builder-row-1 fusion-flex-container hundred-percent-fullwidth non-hundred-percent-height-scrolling\" style=\"--awb-border-radius-top-left:0px;--awb-border-radius-top-right:0px;--awb-border-radius-bottom-right:0px;--awb-border-radius-bottom-left:0px;--awb-padding-top:120px;--awb-padding-right:50px;--awb-padding-bottom:60px;--awb-padding-left:150px;--awb-padding-top-medium:20px;--awb-padding-left-medium:50px;--awb-padding-top-small:20px;--awb-padding-left-small:50px;--awb-flex-wrap:wrap;\" ><div class=\"fusion-builder-row fusion-row fusion-flex-align-items-flex-start fusion-flex-content-wrap\" style=\"width:calc( 100% + 0px ) !important;max-width:calc( 100% + 0px ) !important;margin-left: calc(-0px \/ 2 );margin-right: calc(-0px \/ 2 );\"><div class=\"fusion-layout-column fusion_builder_column fusion-builder-column-0 fusion_builder_column_1_1 1_1 fusion-flex-column\" style=\"--awb-bg-size:cover;--awb-width-large:100%;--awb-margin-top-large:20px;--awb-spacing-right-large:0px;--awb-margin-bottom-large:20px;--awb-spacing-left-large:0px;--awb-width-medium:100%;--awb-order-medium:0;--awb-spacing-right-medium:0px;--awb-spacing-left-medium:0px;--awb-width-small:100%;--awb-order-small:0;--awb-spacing-right-small:0px;--awb-spacing-left-small:0px;\"><div class=\"fusion-column-wrapper fusion-column-has-shadow fusion-flex-justify-content-flex-start fusion-content-layout-column\"><div class=\"fusion-title title fusion-title-1 fusion-sep-none fusion-title-center fusion-title-text fusion-title-size-two fusion-animated\" style=\"--awb-margin-top-small:10px;--awb-margin-right-small:0px;--awb-margin-bottom-small:15px;--awb-margin-left-small:0px;\" data-animationType=\"slideInUp\" data-animationDuration=\"2.0\" data-animationOffset=\"top-into-view\"><h2 class=\"fusion-title-heading title-heading-center fusion-responsive-typography-calculated\" style=\"margin:0;--fontSize:36;line-height:1.28;\"><p style=\"text-align: center;\">CERTIFICAZIONI<\/p><\/h2><\/div><\/div><\/div><div class=\"fusion-layout-column fusion_builder_column fusion-builder-column-1 fusion_builder_column_1_1 1_1 fusion-flex-column fusion-animated\" style=\"--awb-padding-bottom:30px;--awb-bg-size:cover;--awb-width-large:100%;--awb-margin-top-large:20px;--awb-spacing-right-large:0px;--awb-margin-bottom-large:20px;--awb-spacing-left-large:0px;--awb-width-medium:100%;--awb-order-medium:0;--awb-spacing-right-medium:0px;--awb-spacing-left-medium:0px;--awb-width-small:100%;--awb-order-small:0;--awb-spacing-right-small:0px;--awb-spacing-left-small:0px;\" data-animationType=\"slideInLeft\" data-animationDuration=\"2.0\" data-animationOffset=\"top-into-view\"><div class=\"fusion-column-wrapper fusion-column-has-shadow fusion-flex-justify-content-flex-start fusion-content-layout-column\"><div class=\"accordian fusion-accordian\" style=\"--awb-border-size:1px;--awb-icon-size:16px;--awb-content-font-size:var(--awb-typography4-font-size);--awb-icon-alignment:left;--awb-hover-color:var(--awb-color2);--awb-border-color:var(--awb-color3);--awb-background-color:var(--awb-color1);--awb-divider-color:var(--awb-color3);--awb-divider-hover-color:var(--awb-color3);--awb-icon-color:var(--awb-color1);--awb-title-color:#ffffff;--awb-content-color:#ffffff;--awb-icon-box-color:#ffffff;--awb-toggle-hover-accent-color:var(--awb-color2);--awb-title-font-family:&quot;Montserrat&quot;;--awb-title-font-weight:700;--awb-title-font-style:normal;--awb-title-font-size:18px;--awb-content-font-family:var(--awb-typography4-font-family);--awb-content-font-weight:var(--awb-typography4-font-weight);--awb-content-font-style:var(--awb-typography4-font-style);\"><div class=\"panel-group fusion-toggle-icon-boxed\" id=\"accordion-3194-1\"><div class=\"fusion-panel panel-default panel-5610c0e561e9189b1 fusion-toggle-no-divider\"><div class=\"panel-heading\"><h4 class=\"panel-title toggle\" id=\"toggle_5610c0e561e9189b1\"><a aria-expanded=\"false\" aria-controls=\"5610c0e561e9189b1\" role=\"button\" data-toggle=\"collapse\" data-parent=\"#accordion-3194-1\" data-target=\"#5610c0e561e9189b1\" href=\"#5610c0e561e9189b1\"><span class=\"fusion-toggle-icon-wrapper\" aria-hidden=\"true\"><i class=\"fa-fusion-box active-icon awb-icon-minus\" aria-hidden=\"true\"><\/i><i class=\"fa-fusion-box inactive-icon awb-icon-plus\" aria-hidden=\"true\"><\/i><\/span><span class=\"fusion-toggle-heading\">BIODEGRADABILE<\/span><\/a><\/h4><\/div><div id=\"5610c0e561e9189b1\" class=\"panel-collapse collapse \" aria-labelledby=\"toggle_5610c0e561e9189b1\"><div class=\"panel-body toggle-content fusion-clearfix\">\n<p>Un materiale \u00e8 biodegradabile se si scompone naturalmente in sostanze pi\u00f9 semplici (come acqua, CO2 e biomassa) grazie all&#8217;azione di microrganismi naturali come batteri e funghi. Questo processo pu\u00f2 richiedere tempi molto lunghi e pu\u00f2 avvenire in qualsiasi ambiente (terra, acqua), ma non garantisce la formazione di compost di qualit\u00e0 o l&#8217;assenza di residui tossici.  <\/p>\n<\/div><\/div><\/div><div class=\"fusion-panel panel-default panel-505e5a6059776638e fusion-toggle-no-divider\"><div class=\"panel-heading\"><h4 class=\"panel-title toggle\" id=\"toggle_505e5a6059776638e\"><a aria-expanded=\"false\" aria-controls=\"505e5a6059776638e\" role=\"button\" data-toggle=\"collapse\" data-parent=\"#accordion-3194-1\" data-target=\"#505e5a6059776638e\" href=\"#505e5a6059776638e\"><span class=\"fusion-toggle-icon-wrapper\" aria-hidden=\"true\"><i class=\"fa-fusion-box active-icon awb-icon-minus\" aria-hidden=\"true\"><\/i><i class=\"fa-fusion-box inactive-icon awb-icon-plus\" aria-hidden=\"true\"><\/i><\/span><span class=\"fusion-toggle-heading\">COMPOSTABILE<\/span><\/a><\/h4><\/div><div id=\"505e5a6059776638e\" class=\"panel-collapse collapse \" aria-labelledby=\"toggle_505e5a6059776638e\"><div class=\"panel-body toggle-content fusion-clearfix\">\n<p>Un materiale \u00e8 compostabile se \u00e8 in grado, attraverso processi chimico-fisici, di degradarsi completamente trasformandosi in elementi naturali, atossici e ricchi di nutrienti (compost utile per l&#8217;agricoltura) entro un periodo di tempo specifico (di solito 90 giorni) in un ambiente controllato (come un impianto di compostaggio industriale o, per alcuni materiali, domestico). Necessita di certificazioni precise per poterlo dichiarare come tale.<\/p>\n<\/div><\/div><\/div><div class=\"fusion-panel panel-default panel-74eb3b7979ae9dd70 fusion-toggle-no-divider\"><div class=\"panel-heading\"><h4 class=\"panel-title toggle\" id=\"toggle_74eb3b7979ae9dd70\"><a aria-expanded=\"false\" aria-controls=\"74eb3b7979ae9dd70\" role=\"button\" data-toggle=\"collapse\" data-parent=\"#accordion-3194-1\" data-target=\"#74eb3b7979ae9dd70\" href=\"#74eb3b7979ae9dd70\"><span class=\"fusion-toggle-icon-wrapper\" aria-hidden=\"true\"><i class=\"fa-fusion-box active-icon awb-icon-minus\" aria-hidden=\"true\"><\/i><i class=\"fa-fusion-box inactive-icon awb-icon-plus\" aria-hidden=\"true\"><\/i><\/span><span class=\"fusion-toggle-heading\">FAIR TRADE<\/span><\/a><\/h4><\/div><div id=\"74eb3b7979ae9dd70\" class=\"panel-collapse collapse \" aria-labelledby=\"toggle_74eb3b7979ae9dd70\"><div class=\"panel-body toggle-content fusion-clearfix\">\n<p>Fair Trade \u00e8 il marchio internazionale di certificazione del commercio equo e solidale che, attraverso precisi e rigidi standard, tutela l\u2019ambiente e sostiene lo sviluppo di produttori di Paesi in vis di sviluppo.<\/p>\n<\/div><\/div><\/div><div class=\"fusion-panel panel-default panel-b9e3e3dd75683ddcc fusion-toggle-no-divider\"><div class=\"panel-heading\"><h4 class=\"panel-title toggle\" id=\"toggle_b9e3e3dd75683ddcc\"><a aria-expanded=\"false\" aria-controls=\"b9e3e3dd75683ddcc\" role=\"button\" data-toggle=\"collapse\" data-parent=\"#accordion-3194-1\" data-target=\"#b9e3e3dd75683ddcc\" href=\"#b9e3e3dd75683ddcc\"><span class=\"fusion-toggle-icon-wrapper\" aria-hidden=\"true\"><i class=\"fa-fusion-box active-icon awb-icon-minus\" aria-hidden=\"true\"><\/i><i class=\"fa-fusion-box inactive-icon awb-icon-plus\" aria-hidden=\"true\"><\/i><\/span><span class=\"fusion-toggle-heading\">FAIR WEAR<\/span><\/a><\/h4><\/div><div id=\"b9e3e3dd75683ddcc\" class=\"panel-collapse collapse \" aria-labelledby=\"toggle_b9e3e3dd75683ddcc\"><div class=\"panel-body toggle-content fusion-clearfix\">\n<p>La Fair Wear Foundation \u00e8 un\u2019organizzazione indipendente che lavora con marchi di abbigliamento, gli operai e gli stakeholder di settore per migliorare le condizioni di lavoro nelle fabbriche di abbigliamento tutelando il diritto a un\u2019occupazione sicura, dignitosa e adeguatamente retribuita.<\/p>\n<\/div><\/div><\/div><div class=\"fusion-panel panel-default panel-5dcc5a05f091f462c fusion-toggle-no-divider\"><div class=\"panel-heading\"><h4 class=\"panel-title toggle\" id=\"toggle_5dcc5a05f091f462c\"><a aria-expanded=\"false\" aria-controls=\"5dcc5a05f091f462c\" role=\"button\" data-toggle=\"collapse\" data-parent=\"#accordion-3194-1\" data-target=\"#5dcc5a05f091f462c\" href=\"#5dcc5a05f091f462c\"><span class=\"fusion-toggle-icon-wrapper\" aria-hidden=\"true\"><i class=\"fa-fusion-box active-icon awb-icon-minus\" aria-hidden=\"true\"><\/i><i class=\"fa-fusion-box inactive-icon awb-icon-plus\" aria-hidden=\"true\"><\/i><\/span><span class=\"fusion-toggle-heading\">FSC(\u00ae)<\/span><\/a><\/h4><\/div><div id=\"5dcc5a05f091f462c\" class=\"panel-collapse collapse \" aria-labelledby=\"toggle_5dcc5a05f091f462c\"><div class=\"panel-body toggle-content fusion-clearfix\">\n<p>Il Forest Stewardship Council (FSC<strong>\u00ae<\/strong>) \u00e8 una Organizzazione non Governativa (ONG) indipendente che ha come scopo quello di certificare i prodotti fabbricati con legno che proviene da foreste gestite secondo rigorosi standard ambientali, sociali ed economici. La certificazione FSC<strong>\u00ae<\/strong>\u00a0garantisce quindi che il prodotto con etichetta FSC<strong>\u00ae<\/strong>\u00a0provenga da una foresta e da una filiera di approvvigionamento gestita in modo responsabile.<\/p>\n<p>Per ottenere la certificazione FSC<strong>\u00ae<\/strong>, \u00e8 necessario rispettare dieci regole che coprono gli aspetti essenziali della gestione forestale responsabile. Queste regole si applicano in tutto il mondo, attraverso tutti gli ecosistemi ed i sistemi culturali, politici e legali, con indicazioni specifiche fornite per l\u2019interpretazione locale.<\/p>\n<\/div><\/div><\/div><div class=\"fusion-panel panel-default panel-bcb7618ffb99387dc fusion-toggle-no-divider\"><div class=\"panel-heading\"><h4 class=\"panel-title toggle\" id=\"toggle_bcb7618ffb99387dc\"><a aria-expanded=\"false\" aria-controls=\"bcb7618ffb99387dc\" role=\"button\" data-toggle=\"collapse\" data-parent=\"#accordion-3194-1\" data-target=\"#bcb7618ffb99387dc\" href=\"#bcb7618ffb99387dc\"><span class=\"fusion-toggle-icon-wrapper\" aria-hidden=\"true\"><i class=\"fa-fusion-box active-icon awb-icon-minus\" aria-hidden=\"true\"><\/i><i class=\"fa-fusion-box inactive-icon awb-icon-plus\" aria-hidden=\"true\"><\/i><\/span><span class=\"fusion-toggle-heading\">GOTS<\/span><\/a><\/h4><\/div><div id=\"bcb7618ffb99387dc\" class=\"panel-collapse collapse \" aria-labelledby=\"toggle_bcb7618ffb99387dc\"><div class=\"panel-body toggle-content fusion-clearfix\">\n<p>Global Organic Textile Standard, la pi\u00f9 rigorosa delle certificazioni in materia di tessuti in fibre biologiche. Segue tutta la filiera a partire dai campi di cotone: dalla raccolta alla fabbricazione delle fibre, dall\u2019assemblaggio dei capi al prodotto finale. GOTS certifica che il cotone venga coltivato senza OGM e senza prodotti chimici e sia lavorato e tinto senza sostanze tossiche vietate. Assicura inoltre il rispetto degli standard sociali dell\u2019Organizzazione Mondiale del Lavoro lungo tutta la filiera di produzione.<\/p>\n<\/div><\/div><\/div><div class=\"fusion-panel panel-default panel-da8c87b342cf78e1c fusion-toggle-no-divider\"><div class=\"panel-heading\"><h4 class=\"panel-title toggle\" id=\"toggle_da8c87b342cf78e1c\"><a aria-expanded=\"false\" aria-controls=\"da8c87b342cf78e1c\" role=\"button\" data-toggle=\"collapse\" data-parent=\"#accordion-3194-1\" data-target=\"#da8c87b342cf78e1c\" href=\"#da8c87b342cf78e1c\"><span class=\"fusion-toggle-icon-wrapper\" aria-hidden=\"true\"><i class=\"fa-fusion-box active-icon awb-icon-minus\" aria-hidden=\"true\"><\/i><i class=\"fa-fusion-box inactive-icon awb-icon-plus\" aria-hidden=\"true\"><\/i><\/span><span class=\"fusion-toggle-heading\">GRS<\/span><\/a><\/h4><\/div><div id=\"da8c87b342cf78e1c\" class=\"panel-collapse collapse \" aria-labelledby=\"toggle_da8c87b342cf78e1c\"><div class=\"panel-body toggle-content fusion-clearfix\">\n<p>Global Recycled Standard, certifica che i materiali utilizzati siano riciclati: per il poliestere, a partire da bottiglie di plastica, per il cotone, a partire dai cascami. GRS garantisce inoltre il rispetto di criteri sociali e ambientali come il trattamento delle acque reflue, l\u2019assenza di determinati additivi tossici ed il rispetto delle condizioni di lavoro nelle unit\u00e0 produttive.<\/p>\n<\/div><\/div><\/div><div class=\"fusion-panel panel-default panel-f9edbbb36b5856071 fusion-toggle-no-divider\"><div class=\"panel-heading\"><h4 class=\"panel-title toggle\" id=\"toggle_f9edbbb36b5856071\"><a aria-expanded=\"false\" aria-controls=\"f9edbbb36b5856071\" role=\"button\" data-toggle=\"collapse\" data-parent=\"#accordion-3194-1\" data-target=\"#f9edbbb36b5856071\" href=\"#f9edbbb36b5856071\"><span class=\"fusion-toggle-icon-wrapper\" aria-hidden=\"true\"><i class=\"fa-fusion-box active-icon awb-icon-minus\" aria-hidden=\"true\"><\/i><i class=\"fa-fusion-box inactive-icon awb-icon-plus\" aria-hidden=\"true\"><\/i><\/span><span class=\"fusion-toggle-heading\">MODAL(\u00ae)<\/span><\/a><\/h4><\/div><div id=\"f9edbbb36b5856071\" class=\"panel-collapse collapse \" aria-labelledby=\"toggle_f9edbbb36b5856071\"><div class=\"panel-body toggle-content fusion-clearfix\">\n<p>O Rayon, \u00e8 una fibra biodegradabile prodotta dalla polpa di legno degli alberi di faggio. Igroscopica, liscia, soffice, facilmente stirabile (ma non necessario), non si restringe, non scolorisce e non si sfibra.<\/p>\n<\/div><\/div><\/div><div class=\"fusion-panel panel-default panel-b647326ea52a722ee fusion-toggle-no-divider\"><div class=\"panel-heading\"><h4 class=\"panel-title toggle\" id=\"toggle_b647326ea52a722ee\"><a aria-expanded=\"false\" aria-controls=\"b647326ea52a722ee\" role=\"button\" data-toggle=\"collapse\" data-parent=\"#accordion-3194-1\" data-target=\"#b647326ea52a722ee\" href=\"#b647326ea52a722ee\"><span class=\"fusion-toggle-icon-wrapper\" aria-hidden=\"true\"><i class=\"fa-fusion-box active-icon awb-icon-minus\" aria-hidden=\"true\"><\/i><i class=\"fa-fusion-box inactive-icon awb-icon-plus\" aria-hidden=\"true\"><\/i><\/span><span class=\"fusion-toggle-heading\">OCS 100<\/span><\/a><\/h4><\/div><div id=\"b647326ea52a722ee\" class=\"panel-collapse collapse \" aria-labelledby=\"toggle_b647326ea52a722ee\"><div class=\"panel-body toggle-content fusion-clearfix\">\n<p>La certificazione OCS 100 verifica la presenza e la quantit\u00e0 di materiale organico in un prodotto finale tracciane il flusso della materia prima dalla fonte al prodotto finale. Lo standard OCS 100 si applica a qualsiasi prodotto non alimentare contenente materiale organico dal 95 al 100 %<\/p>\n<\/div><\/div><\/div><div class=\"fusion-panel panel-default panel-7475114422096c434 fusion-toggle-no-divider\"><div class=\"panel-heading\"><h4 class=\"panel-title toggle\" id=\"toggle_7475114422096c434\"><a aria-expanded=\"false\" aria-controls=\"7475114422096c434\" role=\"button\" data-toggle=\"collapse\" data-parent=\"#accordion-3194-1\" data-target=\"#7475114422096c434\" href=\"#7475114422096c434\"><span class=\"fusion-toggle-icon-wrapper\" aria-hidden=\"true\"><i class=\"fa-fusion-box active-icon awb-icon-minus\" aria-hidden=\"true\"><\/i><i class=\"fa-fusion-box inactive-icon awb-icon-plus\" aria-hidden=\"true\"><\/i><\/span><span class=\"fusion-toggle-heading\">OCS BLENDED<\/span><\/a><\/h4><\/div><div id=\"7475114422096c434\" class=\"panel-collapse collapse \" aria-labelledby=\"toggle_7475114422096c434\"><div class=\"panel-body toggle-content fusion-clearfix\">\n<p>Lo standard OCS Blended \u00e8 applicabile a qualsiasi prodotto non alimentare contenente dal 5 al 100 % di materiale organico. Una terza parte accreditata verifica la presenza e la quantit\u00e0 di materiale organico nel prodotto finale, traccia il flusso di una materia prima dalla fonte al prodotto finale.<\/p>\n<\/div><\/div><\/div><div class=\"fusion-panel panel-default panel-955e595ade46bd93e fusion-toggle-no-divider\"><div class=\"panel-heading\"><h4 class=\"panel-title toggle\" id=\"toggle_955e595ade46bd93e\"><a aria-expanded=\"false\" aria-controls=\"955e595ade46bd93e\" role=\"button\" data-toggle=\"collapse\" data-parent=\"#accordion-3194-1\" data-target=\"#955e595ade46bd93e\" href=\"#955e595ade46bd93e\"><span class=\"fusion-toggle-icon-wrapper\" aria-hidden=\"true\"><i class=\"fa-fusion-box active-icon awb-icon-minus\" aria-hidden=\"true\"><\/i><i class=\"fa-fusion-box inactive-icon awb-icon-plus\" aria-hidden=\"true\"><\/i><\/span><span class=\"fusion-toggle-heading\">OEKO-TEX STANDARD 100<\/span><\/a><\/h4><\/div><div id=\"955e595ade46bd93e\" class=\"panel-collapse collapse \" aria-labelledby=\"toggle_955e595ade46bd93e\"><div class=\"panel-body toggle-content fusion-clearfix\">\n<p>Sistema indipendente di controllo che certifica l\u2019assenza di sostanze chimiche nocive. Questo si traduce nella limitazione del tasso di piombo utilizzato nelle tinture, nella totale l\u2019assenza di sostanze chimiche nocive per la salute e per l\u2019ambiente. Il principio di precauzione inoltre vieta determinate sostanze potenzialmente nocive anche se non sono (ancora) vietate dalla legge.<\/p>\n<\/div><\/div><\/div><div class=\"fusion-panel panel-default panel-9e74a4f8c15316496 fusion-toggle-no-divider\"><div class=\"panel-heading\"><h4 class=\"panel-title toggle\" id=\"toggle_9e74a4f8c15316496\"><a aria-expanded=\"false\" aria-controls=\"9e74a4f8c15316496\" role=\"button\" data-toggle=\"collapse\" data-parent=\"#accordion-3194-1\" data-target=\"#9e74a4f8c15316496\" href=\"#9e74a4f8c15316496\"><span class=\"fusion-toggle-icon-wrapper\" aria-hidden=\"true\"><i class=\"fa-fusion-box active-icon awb-icon-minus\" aria-hidden=\"true\"><\/i><i class=\"fa-fusion-box inactive-icon awb-icon-plus\" aria-hidden=\"true\"><\/i><\/span><span class=\"fusion-toggle-heading\">RICICLABILE<\/span><\/a><\/h4><\/div><div id=\"9e74a4f8c15316496\" class=\"panel-collapse collapse \" aria-labelledby=\"toggle_9e74a4f8c15316496\"><div class=\"panel-body toggle-content fusion-clearfix\">\n<p>Un materiale \u00e8 riciclabile se pu\u00f2 essere riprocessato per creare un nuovo prodotto, deviando i rifiuti dalle discariche grazie alla raccolta differenziata e riducendo la necessit\u00e0 di materie prime vergini. Il processo richiede strutture di raccolta e impianti di trattamento specifici ed \u00e8 pi\u00f9 facile quando il materiale \u00e8 monomateriale o se \u00e8 facilmente separabile.<\/p>\n<\/div><\/div><\/div><div class=\"fusion-panel panel-default panel-fefc7924c3d16635d fusion-toggle-no-divider\"><div class=\"panel-heading\"><h4 class=\"panel-title toggle\" id=\"toggle_fefc7924c3d16635d\"><a aria-expanded=\"false\" aria-controls=\"fefc7924c3d16635d\" role=\"button\" data-toggle=\"collapse\" data-parent=\"#accordion-3194-1\" data-target=\"#fefc7924c3d16635d\" href=\"#fefc7924c3d16635d\"><span class=\"fusion-toggle-icon-wrapper\" aria-hidden=\"true\"><i class=\"fa-fusion-box active-icon awb-icon-minus\" aria-hidden=\"true\"><\/i><i class=\"fa-fusion-box inactive-icon awb-icon-plus\" aria-hidden=\"true\"><\/i><\/span><span class=\"fusion-toggle-heading\">VEGAN PETA<\/span><\/a><\/h4><\/div><div id=\"fefc7924c3d16635d\" class=\"panel-collapse collapse \" aria-labelledby=\"toggle_fefc7924c3d16635d\"><div class=\"panel-body toggle-content fusion-clearfix\">\n<p>Certifica l\u2019assenza di test su animali e l\u2019utilizzo di materiali vegani. L\u2019associazione PETA, People for the Ethical Treatment of Animals, \u00e8 un ente internazionale NO-PROFIT che protegge i diritti degli animali.<\/p>\n<\/div><\/div><\/div><\/div><\/div><\/div><\/div><\/div><\/div>\n","protected":false},"excerpt":{"rendered":"","protected":false},"author":1,"featured_media":0,"parent":0,"menu_order":0,"comment_status":"closed","ping_status":"closed","template":"100-width.php","meta":{"_vp_format_video_url":"","_vp_image_focal_point":[],"footnotes":""},"class_list":["post-3194","page","type-page","status-publish","hentry"],"_links":{"self":[{"href":"https:\/\/caju.promo\/it\/wp-json\/wp\/v2\/pages\/3194","targetHints":{"allow":["GET"]}}],"collection":[{"href":"https:\/\/caju.promo\/it\/wp-json\/wp\/v2\/pages"}],"about":[{"href":"https:\/\/caju.promo\/it\/wp-json\/wp\/v2\/types\/page"}],"author":[{"embeddable":true,"href":"https:\/\/caju.promo\/it\/wp-json\/wp\/v2\/users\/1"}],"replies":[{"embeddable":true,"href":"https:\/\/caju.promo\/it\/wp-json\/wp\/v2\/comments?post=3194"}],"version-history":[{"count":11,"href":"https:\/\/caju.promo\/it\/wp-json\/wp\/v2\/pages\/3194\/revisions"}],"predecessor-version":[{"id":5066,"href":"https:\/\/caju.promo\/it\/wp-json\/wp\/v2\/pages\/3194\/revisions\/5066"}],"wp:attachment":[{"href":"https:\/\/caju.promo\/it\/wp-json\/wp\/v2\/media?parent=3194"}],"curies":[{"name":"wp","href":"https:\/\/api.w.org\/{rel}","templated":true}]}}