{"id":3189,"date":"2022-04-27T08:32:06","date_gmt":"2022-04-27T08:32:06","guid":{"rendered":"https:\/\/caju.promo\/?page_id=3189"},"modified":"2022-04-27T09:46:03","modified_gmt":"2022-04-27T09:46:03","slug":"tecnologia","status":"publish","type":"page","link":"https:\/\/caju.promo\/it\/glossario\/tecnologia\/","title":{"rendered":"Tecnologia"},"content":{"rendered":"<div class=\"fusion-fullwidth fullwidth-box fusion-builder-row-1 fusion-flex-container hundred-percent-fullwidth non-hundred-percent-height-scrolling\" style=\"--awb-border-radius-top-left:0px;--awb-border-radius-top-right:0px;--awb-border-radius-bottom-right:0px;--awb-border-radius-bottom-left:0px;--awb-padding-top:120px;--awb-padding-right:50px;--awb-padding-bottom:60px;--awb-padding-left:150px;--awb-padding-top-medium:20px;--awb-padding-left-medium:50px;--awb-padding-top-small:20px;--awb-padding-left-small:50px;--awb-flex-wrap:wrap;\" ><div class=\"fusion-builder-row fusion-row fusion-flex-align-items-flex-start fusion-flex-content-wrap\" style=\"width:calc( 100% + 0px ) !important;max-width:calc( 100% + 0px ) !important;margin-left: calc(-0px \/ 2 );margin-right: calc(-0px \/ 2 );\"><div class=\"fusion-layout-column fusion_builder_column fusion-builder-column-0 fusion_builder_column_1_1 1_1 fusion-flex-column\" style=\"--awb-bg-size:cover;--awb-width-large:100%;--awb-margin-top-large:20px;--awb-spacing-right-large:0px;--awb-margin-bottom-large:20px;--awb-spacing-left-large:0px;--awb-width-medium:100%;--awb-order-medium:0;--awb-spacing-right-medium:0px;--awb-spacing-left-medium:0px;--awb-width-small:100%;--awb-order-small:0;--awb-spacing-right-small:0px;--awb-spacing-left-small:0px;\"><div class=\"fusion-column-wrapper fusion-column-has-shadow fusion-flex-justify-content-flex-start fusion-content-layout-column\"><div class=\"fusion-title title fusion-title-1 fusion-sep-none fusion-title-center fusion-title-text fusion-title-size-two fusion-animated\" style=\"--awb-margin-top-small:10px;--awb-margin-right-small:0px;--awb-margin-bottom-small:15px;--awb-margin-left-small:0px;\" data-animationType=\"slideInUp\" data-animationDuration=\"2.0\" data-animationOffset=\"top-into-view\"><h2 class=\"fusion-title-heading title-heading-center fusion-responsive-typography-calculated\" style=\"margin:0;--fontSize:36;line-height:1.28;\"><p style=\"text-align: center;\">TECNOLOGIA<\/p><\/h2><\/div><\/div><\/div><div class=\"fusion-layout-column fusion_builder_column fusion-builder-column-1 fusion_builder_column_1_1 1_1 fusion-flex-column fusion-animated\" style=\"--awb-padding-bottom:30px;--awb-bg-size:cover;--awb-width-large:100%;--awb-margin-top-large:20px;--awb-spacing-right-large:0px;--awb-margin-bottom-large:20px;--awb-spacing-left-large:0px;--awb-width-medium:100%;--awb-order-medium:0;--awb-spacing-right-medium:0px;--awb-spacing-left-medium:0px;--awb-width-small:100%;--awb-order-small:0;--awb-spacing-right-small:0px;--awb-spacing-left-small:0px;\" data-animationType=\"slideInLeft\" data-animationDuration=\"2.0\" data-animationOffset=\"top-into-view\"><div class=\"fusion-column-wrapper fusion-column-has-shadow fusion-flex-justify-content-flex-start fusion-content-layout-column\"><div class=\"accordian fusion-accordian\" style=\"--awb-border-size:1px;--awb-icon-size:16px;--awb-content-font-size:var(--awb-typography4-font-size);--awb-icon-alignment:left;--awb-hover-color:var(--awb-color2);--awb-border-color:var(--awb-color3);--awb-background-color:var(--awb-color1);--awb-divider-color:var(--awb-color3);--awb-divider-hover-color:var(--awb-color3);--awb-icon-color:var(--awb-color1);--awb-title-color:#ffffff;--awb-content-color:#ffffff;--awb-icon-box-color:#ffffff;--awb-toggle-hover-accent-color:var(--awb-color2);--awb-title-font-family:&quot;Montserrat&quot;;--awb-title-font-weight:700;--awb-title-font-style:normal;--awb-title-font-size:18px;--awb-content-font-family:var(--awb-typography4-font-family);--awb-content-font-weight:var(--awb-typography4-font-weight);--awb-content-font-style:var(--awb-typography4-font-style);\"><div class=\"panel-group fusion-toggle-icon-boxed\" id=\"accordion-3189-1\"><div class=\"fusion-panel panel-default panel-4537c557eb5a73301 fusion-toggle-no-divider\"><div class=\"panel-heading\"><h4 class=\"panel-title toggle\" id=\"toggle_4537c557eb5a73301\"><a aria-expanded=\"false\" aria-controls=\"4537c557eb5a73301\" role=\"button\" data-toggle=\"collapse\" data-parent=\"#accordion-3189-1\" data-target=\"#4537c557eb5a73301\" href=\"#4537c557eb5a73301\"><span class=\"fusion-toggle-icon-wrapper\" aria-hidden=\"true\"><i class=\"fa-fusion-box active-icon awb-icon-minus\" aria-hidden=\"true\"><\/i><i class=\"fa-fusion-box inactive-icon awb-icon-plus\" aria-hidden=\"true\"><\/i><\/span><span class=\"fusion-toggle-heading\">CHIAVETTA USB 2.0 O 3.0<\/span><\/a><\/h4><\/div><div id=\"4537c557eb5a73301\" class=\"panel-collapse collapse \" aria-labelledby=\"toggle_4537c557eb5a73301\"><div class=\"panel-body toggle-content fusion-clearfix\">\n<p>La differenza tra la tecnologia 2.0 e quella 3.0 \u00e8 la velocit\u00e0 di trasferimento dei dati. Con le chiavette USB 3.0 \u00e8 possibile copiare, salvare o condividere i file con una velocit\u00e0 10 volte superiore a quelle delle normali USB 2.0, ma solo se la porta di ingresso del dispositivo supporta la tecnologia 3.0. Lo standard USB 3.0 offre quindi vantaggi concreti in termini di prestazioni, senza problemi di compatibilit\u00e0 perch\u00e9 sono retro-compatibili con le porte USB 2.0.<\/p>\n<\/div><\/div><\/div><div class=\"fusion-panel panel-default panel-1b05a187d70c551ee fusion-toggle-no-divider\"><div class=\"panel-heading\"><h4 class=\"panel-title toggle\" id=\"toggle_1b05a187d70c551ee\"><a aria-expanded=\"false\" aria-controls=\"1b05a187d70c551ee\" role=\"button\" data-toggle=\"collapse\" data-parent=\"#accordion-3189-1\" data-target=\"#1b05a187d70c551ee\" href=\"#1b05a187d70c551ee\"><span class=\"fusion-toggle-icon-wrapper\" aria-hidden=\"true\"><i class=\"fa-fusion-box active-icon awb-icon-minus\" aria-hidden=\"true\"><\/i><i class=\"fa-fusion-box inactive-icon awb-icon-plus\" aria-hidden=\"true\"><\/i><\/span><span class=\"fusion-toggle-heading\">CHIAVETTA USB OTG<\/span><\/a><\/h4><\/div><div id=\"1b05a187d70c551ee\" class=\"panel-collapse collapse \" aria-labelledby=\"toggle_1b05a187d70c551ee\"><div class=\"panel-body toggle-content fusion-clearfix\">\n<p>La chiave USB con tecnologia On-the-go (OTG) \u00e8 dotata di connettore USB standard da un lato e di un connettore micro-USB sull&#8217;altra estremit\u00e0 per poter collegare la chiavetta USB direttamente allo smartphone o alla fotocamera digitale, per leggere e trasferire i dati in modo immediato. Al momento la tecnologia OTG \u00e8 compatibile con il sistema operativo Android.<\/p>\n<\/div><\/div><\/div><div class=\"fusion-panel panel-default panel-01050dc077e493a4b fusion-toggle-no-divider\"><div class=\"panel-heading\"><h4 class=\"panel-title toggle\" id=\"toggle_01050dc077e493a4b\"><a aria-expanded=\"false\" aria-controls=\"01050dc077e493a4b\" role=\"button\" data-toggle=\"collapse\" data-parent=\"#accordion-3189-1\" data-target=\"#01050dc077e493a4b\" href=\"#01050dc077e493a4b\"><span class=\"fusion-toggle-icon-wrapper\" aria-hidden=\"true\"><i class=\"fa-fusion-box active-icon awb-icon-minus\" aria-hidden=\"true\"><\/i><i class=\"fa-fusion-box inactive-icon awb-icon-plus\" aria-hidden=\"true\"><\/i><\/span><span class=\"fusion-toggle-heading\">CONNETTORE LIGHTINING<\/span><\/a><\/h4><\/div><div id=\"01050dc077e493a4b\" class=\"panel-collapse collapse \" aria-labelledby=\"toggle_01050dc077e493a4b\"><div class=\"panel-body toggle-content fusion-clearfix\">\n<p>Connettore utilizzato dei dispositivi Apple dal 2012. \u00c8 inseribile in entrambi i versi.<\/p>\n<\/div><\/div><\/div><div class=\"fusion-panel panel-default panel-f5dbcc3fb7e62d695 fusion-toggle-no-divider\"><div class=\"panel-heading\"><h4 class=\"panel-title toggle\" id=\"toggle_f5dbcc3fb7e62d695\"><a aria-expanded=\"false\" aria-controls=\"f5dbcc3fb7e62d695\" role=\"button\" data-toggle=\"collapse\" data-parent=\"#accordion-3189-1\" data-target=\"#f5dbcc3fb7e62d695\" href=\"#f5dbcc3fb7e62d695\"><span class=\"fusion-toggle-icon-wrapper\" aria-hidden=\"true\"><i class=\"fa-fusion-box active-icon awb-icon-minus\" aria-hidden=\"true\"><\/i><i class=\"fa-fusion-box inactive-icon awb-icon-plus\" aria-hidden=\"true\"><\/i><\/span><span class=\"fusion-toggle-heading\">CONNETTORE MICRO-USB<\/span><\/a><\/h4><\/div><div id=\"f5dbcc3fb7e62d695\" class=\"panel-collapse collapse \" aria-labelledby=\"toggle_f5dbcc3fb7e62d695\"><div class=\"panel-body toggle-content fusion-clearfix\">\n<p>Sono i connettori pi\u00f9 piccoli previsti dallo standard <strong>USB<\/strong>. Pi\u00f9 sottili e robusti rispetto ai connettori mini-USB, essendo stati progettati per sopportare 10.000 cicli di inserimento e rimozione.<\/p>\n<\/div><\/div><\/div><div class=\"fusion-panel panel-default panel-f65ac6e5ad5519d5a fusion-toggle-no-divider\"><div class=\"panel-heading\"><h4 class=\"panel-title toggle\" id=\"toggle_f65ac6e5ad5519d5a\"><a aria-expanded=\"false\" aria-controls=\"f65ac6e5ad5519d5a\" role=\"button\" data-toggle=\"collapse\" data-parent=\"#accordion-3189-1\" data-target=\"#f65ac6e5ad5519d5a\" href=\"#f65ac6e5ad5519d5a\"><span class=\"fusion-toggle-icon-wrapper\" aria-hidden=\"true\"><i class=\"fa-fusion-box active-icon awb-icon-minus\" aria-hidden=\"true\"><\/i><i class=\"fa-fusion-box inactive-icon awb-icon-plus\" aria-hidden=\"true\"><\/i><\/span><span class=\"fusion-toggle-heading\">CONNETTORE MINI-USB<\/span><\/a><\/h4><\/div><div id=\"f65ac6e5ad5519d5a\" class=\"panel-collapse collapse \" aria-labelledby=\"toggle_f65ac6e5ad5519d5a\"><div class=\"panel-body toggle-content fusion-clearfix\">\n<p>I connettori mini-USB sono i connettori di dimensione intermedia, previsti dallo standard USB con dimensioni 3&#215;7 mm circa.<\/p>\n<\/div><\/div><\/div><div class=\"fusion-panel panel-default panel-f840fed352db24c56 fusion-toggle-no-divider\"><div class=\"panel-heading\"><h4 class=\"panel-title toggle\" id=\"toggle_f840fed352db24c56\"><a aria-expanded=\"false\" aria-controls=\"f840fed352db24c56\" role=\"button\" data-toggle=\"collapse\" data-parent=\"#accordion-3189-1\" data-target=\"#f840fed352db24c56\" href=\"#f840fed352db24c56\"><span class=\"fusion-toggle-icon-wrapper\" aria-hidden=\"true\"><i class=\"fa-fusion-box active-icon awb-icon-minus\" aria-hidden=\"true\"><\/i><i class=\"fa-fusion-box inactive-icon awb-icon-plus\" aria-hidden=\"true\"><\/i><\/span><span class=\"fusion-toggle-heading\">CONNETTORE TYPE-C<\/span><\/a><\/h4><\/div><div id=\"f840fed352db24c56\" class=\"panel-collapse collapse \" aria-labelledby=\"toggle_f840fed352db24c56\"><div class=\"panel-body toggle-content fusion-clearfix\">\n<p>Sono connettori e cavi USB (versione 3.1, 3.0 e 2.0) per la trasmissione di dati ed alimentazione, che sostituisce di fatto gli standard precedenti. \u00c8 inseribile in entrambi i versi.<\/p>\n<\/div><\/div><\/div><div class=\"fusion-panel panel-default panel-c6af92235a7cffc1b fusion-toggle-no-divider\"><div class=\"panel-heading\"><h4 class=\"panel-title toggle\" id=\"toggle_c6af92235a7cffc1b\"><a aria-expanded=\"false\" aria-controls=\"c6af92235a7cffc1b\" role=\"button\" data-toggle=\"collapse\" data-parent=\"#accordion-3189-1\" data-target=\"#c6af92235a7cffc1b\" href=\"#c6af92235a7cffc1b\"><span class=\"fusion-toggle-icon-wrapper\" aria-hidden=\"true\"><i class=\"fa-fusion-box active-icon awb-icon-minus\" aria-hidden=\"true\"><\/i><i class=\"fa-fusion-box inactive-icon awb-icon-plus\" aria-hidden=\"true\"><\/i><\/span><span class=\"fusion-toggle-heading\">MAH<\/span><\/a><\/h4><\/div><div id=\"c6af92235a7cffc1b\" class=\"panel-collapse collapse \" aria-labelledby=\"toggle_c6af92235a7cffc1b\"><div class=\"panel-body toggle-content fusion-clearfix\">\n<p>E&#8217; l\u2019abbreviazione di milliAmp\u00e9re\/ora e indica la capacit\u00e0 di una batteria ricaricabile nel tempo.<\/p>\n<\/div><\/div><\/div><div class=\"fusion-panel panel-default panel-36f4dd58e8a6a41f1 fusion-toggle-no-divider\"><div class=\"panel-heading\"><h4 class=\"panel-title toggle\" id=\"toggle_36f4dd58e8a6a41f1\"><a aria-expanded=\"false\" aria-controls=\"36f4dd58e8a6a41f1\" role=\"button\" data-toggle=\"collapse\" data-parent=\"#accordion-3189-1\" data-target=\"#36f4dd58e8a6a41f1\" href=\"#36f4dd58e8a6a41f1\"><span class=\"fusion-toggle-icon-wrapper\" aria-hidden=\"true\"><i class=\"fa-fusion-box active-icon awb-icon-minus\" aria-hidden=\"true\"><\/i><i class=\"fa-fusion-box inactive-icon awb-icon-plus\" aria-hidden=\"true\"><\/i><\/span><span class=\"fusion-toggle-heading\">POWER BANK<\/span><\/a><\/h4><\/div><div id=\"36f4dd58e8a6a41f1\" class=\"panel-collapse collapse \" aria-labelledby=\"toggle_36f4dd58e8a6a41f1\"><div class=\"panel-body toggle-content fusion-clearfix\">\n<p>E&#8217; una batteria esterna che pu\u00f2 essere caricata tramite un cavo USB da una fonte di alimentazione, come un computer o dalla presa a parete. Una volta caricato, il Power Bank viene utilizzato per fornire energia a qualsiasi dispositivo elettronico (smartphone, tablet, fotocamere, videocamere). Essendo di piccole dimensioni, portatile ed universale, diventa sempre pi\u00f9 un regalo aziendale utile e ben accetto, visto anche l\u2019utilizzo spasmodico di tutti i device tecnologici al giorno d\u2019oggi, grandi divoratori di energia elettrica.<\/p>\n<p>Per scegliere il power bank pi\u00f9 adatto \u00e8 consigliabile sceglierne uno dalla capacit\u00e0 di carica almeno pari o superiore a quella del dispositivo da ricaricare. Ad esempio, la batteria di un iPhone X \u00e8 di circa 2.700 mAh e potr\u00e0 essere completamente ricaricato da un power bank di soli 4.000 mAh. \u00c8 importante ricordare durante la carica avviene una leggera dispersione della potenza elettrica nel trasferimento da un device all\u2019altro ed una conseguente perdita media del 20% rispetto al valore dichiarato. La velocit\u00e0 di ricarica del power bank stesso invece dipende dalla corrente di input (misurata in A, Amp\u00e9re) dichiarata dal produttore. Maggiore corrente di input corrisponde a maggiore velocit\u00e0 nella ricarica del power bank. La corrente di output del power bank e quella di input del dispositivo da ricaricare determinano, invece, la velocit\u00e0 di ricarica del dispositivo (es. telefono cellulare, tablet\u2026).<\/p>\n<\/div><\/div><\/div><\/div><\/div><\/div><\/div><\/div><\/div>\n","protected":false},"excerpt":{"rendered":"","protected":false},"author":1,"featured_media":0,"parent":2563,"menu_order":0,"comment_status":"closed","ping_status":"closed","template":"100-width.php","meta":{"_vp_format_video_url":"","_vp_image_focal_point":[],"footnotes":""},"class_list":["post-3189","page","type-page","status-publish","hentry"],"_links":{"self":[{"href":"https:\/\/caju.promo\/it\/wp-json\/wp\/v2\/pages\/3189","targetHints":{"allow":["GET"]}}],"collection":[{"href":"https:\/\/caju.promo\/it\/wp-json\/wp\/v2\/pages"}],"about":[{"href":"https:\/\/caju.promo\/it\/wp-json\/wp\/v2\/types\/page"}],"author":[{"embeddable":true,"href":"https:\/\/caju.promo\/it\/wp-json\/wp\/v2\/users\/1"}],"replies":[{"embeddable":true,"href":"https:\/\/caju.promo\/it\/wp-json\/wp\/v2\/comments?post=3189"}],"version-history":[{"count":5,"href":"https:\/\/caju.promo\/it\/wp-json\/wp\/v2\/pages\/3189\/revisions"}],"predecessor-version":[{"id":3229,"href":"https:\/\/caju.promo\/it\/wp-json\/wp\/v2\/pages\/3189\/revisions\/3229"}],"up":[{"embeddable":true,"href":"https:\/\/caju.promo\/it\/wp-json\/wp\/v2\/pages\/2563"}],"wp:attachment":[{"href":"https:\/\/caju.promo\/it\/wp-json\/wp\/v2\/media?parent=3189"}],"curies":[{"name":"wp","href":"https:\/\/api.w.org\/{rel}","templated":true}]}}