{"id":3188,"date":"2022-04-27T08:31:51","date_gmt":"2022-04-27T08:31:51","guid":{"rendered":"https:\/\/caju.promo\/?page_id=3188"},"modified":"2022-04-27T10:01:22","modified_gmt":"2022-04-27T10:01:22","slug":"personalizzazione-e-dettagli","status":"publish","type":"page","link":"https:\/\/caju.promo\/it\/glossario\/personalizzazione-e-dettagli\/","title":{"rendered":"Personalizzazione e dettagli"},"content":{"rendered":"<div class=\"fusion-fullwidth fullwidth-box fusion-builder-row-1 fusion-flex-container hundred-percent-fullwidth non-hundred-percent-height-scrolling\" style=\"--awb-border-radius-top-left:0px;--awb-border-radius-top-right:0px;--awb-border-radius-bottom-right:0px;--awb-border-radius-bottom-left:0px;--awb-padding-top:120px;--awb-padding-right:50px;--awb-padding-bottom:60px;--awb-padding-left:150px;--awb-padding-top-medium:20px;--awb-padding-left-medium:50px;--awb-padding-top-small:20px;--awb-padding-left-small:50px;--awb-flex-wrap:wrap;\" ><div class=\"fusion-builder-row fusion-row fusion-flex-align-items-flex-start fusion-flex-content-wrap\" style=\"width:calc( 100% + 0px ) !important;max-width:calc( 100% + 0px ) !important;margin-left: calc(-0px \/ 2 );margin-right: calc(-0px \/ 2 );\"><div class=\"fusion-layout-column fusion_builder_column fusion-builder-column-0 fusion_builder_column_1_1 1_1 fusion-flex-column\" style=\"--awb-bg-size:cover;--awb-width-large:100%;--awb-margin-top-large:20px;--awb-spacing-right-large:0px;--awb-margin-bottom-large:20px;--awb-spacing-left-large:0px;--awb-width-medium:100%;--awb-order-medium:0;--awb-spacing-right-medium:0px;--awb-spacing-left-medium:0px;--awb-width-small:100%;--awb-order-small:0;--awb-spacing-right-small:0px;--awb-spacing-left-small:0px;\"><div class=\"fusion-column-wrapper fusion-column-has-shadow fusion-flex-justify-content-flex-start fusion-content-layout-column\"><div class=\"fusion-title title fusion-title-1 fusion-sep-none fusion-title-center fusion-title-text fusion-title-size-two fusion-animated\" style=\"--awb-margin-top-small:10px;--awb-margin-right-small:0px;--awb-margin-bottom-small:15px;--awb-margin-left-small:0px;\" data-animationType=\"slideInUp\" data-animationDuration=\"2.0\" data-animationOffset=\"top-into-view\"><h2 class=\"fusion-title-heading title-heading-center fusion-responsive-typography-calculated\" style=\"margin:0;--fontSize:36;line-height:1.28;\"><p style=\"text-align: center;\">PERSONALIZZAZIONE E DETTAGLI<\/p><\/h2><\/div><\/div><\/div><div class=\"fusion-layout-column fusion_builder_column fusion-builder-column-1 fusion_builder_column_1_1 1_1 fusion-flex-column fusion-animated\" style=\"--awb-padding-bottom:30px;--awb-bg-size:cover;--awb-width-large:100%;--awb-margin-top-large:20px;--awb-spacing-right-large:0px;--awb-margin-bottom-large:20px;--awb-spacing-left-large:0px;--awb-width-medium:100%;--awb-order-medium:0;--awb-spacing-right-medium:0px;--awb-spacing-left-medium:0px;--awb-width-small:100%;--awb-order-small:0;--awb-spacing-right-small:0px;--awb-spacing-left-small:0px;\" data-animationType=\"slideInLeft\" data-animationDuration=\"2.0\" data-animationOffset=\"top-into-view\"><div class=\"fusion-column-wrapper fusion-column-has-shadow fusion-flex-justify-content-flex-start fusion-content-layout-column\"><div class=\"accordian fusion-accordian\" style=\"--awb-border-size:1px;--awb-icon-size:16px;--awb-content-font-size:var(--awb-typography4-font-size);--awb-icon-alignment:left;--awb-hover-color:var(--awb-color2);--awb-border-color:var(--awb-color3);--awb-background-color:var(--awb-color1);--awb-divider-color:var(--awb-color3);--awb-divider-hover-color:var(--awb-color3);--awb-icon-color:var(--awb-color1);--awb-title-color:#ffffff;--awb-content-color:#ffffff;--awb-icon-box-color:#ffffff;--awb-toggle-hover-accent-color:var(--awb-color2);--awb-title-font-family:&quot;Montserrat&quot;;--awb-title-font-weight:700;--awb-title-font-style:normal;--awb-title-font-size:18px;--awb-content-font-family:var(--awb-typography4-font-family);--awb-content-font-weight:var(--awb-typography4-font-weight);--awb-content-font-style:var(--awb-typography4-font-style);\"><div class=\"panel-group fusion-toggle-icon-boxed\" id=\"accordion-3188-1\"><div class=\"fusion-panel panel-default panel-dad5e11b2f2e8516d fusion-toggle-no-divider\"><div class=\"panel-heading\"><h4 class=\"panel-title toggle\" id=\"toggle_dad5e11b2f2e8516d\"><a aria-expanded=\"false\" aria-controls=\"dad5e11b2f2e8516d\" role=\"button\" data-toggle=\"collapse\" data-parent=\"#accordion-3188-1\" data-target=\"#dad5e11b2f2e8516d\" href=\"#dad5e11b2f2e8516d\"><span class=\"fusion-toggle-icon-wrapper\" aria-hidden=\"true\"><i class=\"fa-fusion-box active-icon awb-icon-minus\" aria-hidden=\"true\"><\/i><i class=\"fa-fusion-box inactive-icon awb-icon-plus\" aria-hidden=\"true\"><\/i><\/span><span class=\"fusion-toggle-heading\">DOMING O LOGO RESINATO<\/span><\/a><\/h4><\/div><div id=\"dad5e11b2f2e8516d\" class=\"panel-collapse collapse \" aria-labelledby=\"toggle_dad5e11b2f2e8516d\"><div class=\"panel-body toggle-content fusion-clearfix\">\n<p>E&#8217; una tecnica di personalizzazione di oggetti che viene utilizzata per creare una versione 3D del logo in quadricromia. Si stampa quindi un&#8217;etichetta che viene poi ricoperta da una resina che, una volta asciugata, rende pi\u00f9 evidente e brillante il logo.<\/p>\n<ul>\n<li style=\"list-style-type: none;\">\n<ul>\n<li>Crea un effetto 3D<\/li>\n<li>Forte resistenza allo scolorimento o al danneggiamento<\/li>\n<li>Applicabile solo su superfici piatte ma possibile su tanti materiali diversi. Per esempio plastica, carta, legno e metallo<\/li>\n<li>Colori in quadricromia CMYK<\/li>\n<\/ul>\n<\/li>\n<\/ul>\n<\/div><\/div><\/div><div class=\"fusion-panel panel-default panel-111b6cf762937e867 fusion-toggle-no-divider\"><div class=\"panel-heading\"><h4 class=\"panel-title toggle\" id=\"toggle_111b6cf762937e867\"><a aria-expanded=\"false\" aria-controls=\"111b6cf762937e867\" role=\"button\" data-toggle=\"collapse\" data-parent=\"#accordion-3188-1\" data-target=\"#111b6cf762937e867\" href=\"#111b6cf762937e867\"><span class=\"fusion-toggle-icon-wrapper\" aria-hidden=\"true\"><i class=\"fa-fusion-box active-icon awb-icon-minus\" aria-hidden=\"true\"><\/i><i class=\"fa-fusion-box inactive-icon awb-icon-plus\" aria-hidden=\"true\"><\/i><\/span><span class=\"fusion-toggle-heading\">GIRO MANICA<\/span><\/a><\/h4><\/div><div id=\"111b6cf762937e867\" class=\"panel-collapse collapse \" aria-labelledby=\"toggle_111b6cf762937e867\"><div class=\"panel-body toggle-content fusion-clearfix\">\n<p>E&#8217; un tipo di manica dal profilo perpendicolare tra il busto di un capo e l\u2019attaccatura delle maniche.<\/p>\n<\/div><\/div><\/div><div class=\"fusion-panel panel-default panel-73481e6c08e6bb7db fusion-toggle-no-divider\"><div class=\"panel-heading\"><h4 class=\"panel-title toggle\" id=\"toggle_73481e6c08e6bb7db\"><a aria-expanded=\"false\" aria-controls=\"73481e6c08e6bb7db\" role=\"button\" data-toggle=\"collapse\" data-parent=\"#accordion-3188-1\" data-target=\"#73481e6c08e6bb7db\" href=\"#73481e6c08e6bb7db\"><span class=\"fusion-toggle-icon-wrapper\" aria-hidden=\"true\"><i class=\"fa-fusion-box active-icon awb-icon-minus\" aria-hidden=\"true\"><\/i><i class=\"fa-fusion-box inactive-icon awb-icon-plus\" aria-hidden=\"true\"><\/i><\/span><span class=\"fusion-toggle-heading\">GOFFRATURA<\/span><\/a><\/h4><\/div><div id=\"73481e6c08e6bb7db\" class=\"panel-collapse collapse \" aria-labelledby=\"toggle_73481e6c08e6bb7db\"><div class=\"panel-body toggle-content fusion-clearfix\">\n<p>Tecnica di personalizzazione che prevede un\u2019impressione a rilievo con effetto tridimensionale; permette stampe discrete ed esclusive sui tessuti, sia su cotone, che su poliestere.<\/p>\n<\/div><\/div><\/div><div class=\"fusion-panel panel-default panel-a4eb22a12ebe50233 fusion-toggle-no-divider\"><div class=\"panel-heading\"><h4 class=\"panel-title toggle\" id=\"toggle_a4eb22a12ebe50233\"><a aria-expanded=\"false\" aria-controls=\"a4eb22a12ebe50233\" role=\"button\" data-toggle=\"collapse\" data-parent=\"#accordion-3188-1\" data-target=\"#a4eb22a12ebe50233\" href=\"#a4eb22a12ebe50233\"><span class=\"fusion-toggle-icon-wrapper\" aria-hidden=\"true\"><i class=\"fa-fusion-box active-icon awb-icon-minus\" aria-hidden=\"true\"><\/i><i class=\"fa-fusion-box inactive-icon awb-icon-plus\" aria-hidden=\"true\"><\/i><\/span><span class=\"fusion-toggle-heading\">INCISIONE LASER<\/span><\/a><\/h4><\/div><div id=\"a4eb22a12ebe50233\" class=\"panel-collapse collapse \" aria-labelledby=\"toggle_a4eb22a12ebe50233\"><div class=\"panel-body toggle-content fusion-clearfix\">\n<p>Tecnica di personalizzazione che si ottiene incidendo la superficie per mezzo di un laser.<\/p>\n<ul>\n<li style=\"list-style-type: none;\">\n<ul>\n<li>Crea un effetto elegante, che dura per sempre, perpetuo<\/li>\n<li>Personalizzazione elegante ad alto valore percepito<\/li>\n<li>Ideale su ogni curvatura: superfici piatte, rotonde, convesse e concave. \u00c8 solitamente utilizzato su metalli, vetro, ceramica, legno, pietra, carta, jeans, vetro acrilico, pelle ed ecopelle (PU)<\/li>\n<li>Tono su tono, il colore che ne deriva dipende dal colore dello strato inferiore a quello trattato<\/li>\n<\/ul>\n<\/li>\n<\/ul>\n<\/div><\/div><\/div><div class=\"fusion-panel panel-default panel-cf26a909e7f3059f5 fusion-toggle-no-divider\"><div class=\"panel-heading\"><h4 class=\"panel-title toggle\" id=\"toggle_cf26a909e7f3059f5\"><a aria-expanded=\"false\" aria-controls=\"cf26a909e7f3059f5\" role=\"button\" data-toggle=\"collapse\" data-parent=\"#accordion-3188-1\" data-target=\"#cf26a909e7f3059f5\" href=\"#cf26a909e7f3059f5\"><span class=\"fusion-toggle-icon-wrapper\" aria-hidden=\"true\"><i class=\"fa-fusion-box active-icon awb-icon-minus\" aria-hidden=\"true\"><\/i><i class=\"fa-fusion-box inactive-icon awb-icon-plus\" aria-hidden=\"true\"><\/i><\/span><span class=\"fusion-toggle-heading\">MANICA RAGLAN<\/span><\/a><\/h4><\/div><div id=\"cf26a909e7f3059f5\" class=\"panel-collapse collapse \" aria-labelledby=\"toggle_cf26a909e7f3059f5\"><div class=\"panel-body toggle-content fusion-clearfix\">\n<p>E&#8217; un tipo di manica dal profilo obliquo e diagonale tra il busto di un capo e l\u2019attaccatura delle maniche. Venne inventato dal produttore di giacche Aquascutum, per Lord Raglan per permettergli di usare la spada in battaglia, consentendo ampio movimento al braccio opposto dal momento che una manica risultava attaccata direttamente ai bottoni della giacca stessa. Deve il suo nome appunto a Lord Raglan che, dopo aver perso un braccio nella Battaglia di Waterloo, si fece realizzare giacche apposite per continuare a portare la giacca in battaglia ed utilizzare la sciabola con l&#8217;altra mano senza avere l&#8217;impedimento della manica in disuso pendente sull&#8217;altro lato e mascherando altres\u00ec il difetto dando cos\u00ec l&#8217;impressione che la mano fosse inserita all&#8217;interno della giacca.<\/p>\n<p>Questo tipo di manica \u00e8 comunemente utilizzata nell\u2019abbigliamento sportivo, nelle divise e nelle uniformi. Il taglio ampio della manica consente di avere maggiore agilit\u00e0 nei movimenti oltre che semplificare la scelta della taglia senza dover provare il capo.<\/p>\n<\/div><\/div><\/div><div class=\"fusion-panel panel-default panel-e35c31af9debf13d4 fusion-toggle-no-divider\"><div class=\"panel-heading\"><h4 class=\"panel-title toggle\" id=\"toggle_e35c31af9debf13d4\"><a aria-expanded=\"false\" aria-controls=\"e35c31af9debf13d4\" role=\"button\" data-toggle=\"collapse\" data-parent=\"#accordion-3188-1\" data-target=\"#e35c31af9debf13d4\" href=\"#e35c31af9debf13d4\"><span class=\"fusion-toggle-icon-wrapper\" aria-hidden=\"true\"><i class=\"fa-fusion-box active-icon awb-icon-minus\" aria-hidden=\"true\"><\/i><i class=\"fa-fusion-box inactive-icon awb-icon-plus\" aria-hidden=\"true\"><\/i><\/span><span class=\"fusion-toggle-heading\">RICAMO<\/span><\/a><\/h4><\/div><div id=\"e35c31af9debf13d4\" class=\"panel-collapse collapse \" aria-labelledby=\"toggle_e35c31af9debf13d4\"><div class=\"panel-body toggle-content fusion-clearfix\">\n<p>Tecnica di decorazione di un tessuto tramite la composizione di un soggetto con diversi fili di diversi colori.<\/p>\n<ul>\n<li style=\"list-style-type: none;\">\n<ul>\n<li>Tecnica di personalizzazione classica e molto duratura, anche su indumenti da lavoro sottoposti a lavaggi frequenti ad alte temperature<\/li>\n<li>Impatto visivo di grande effetto e prestigio<\/li>\n<li>Adatto per superfici piane o irregolari, \u00e8 applicabile su cotone, poliestere, pile ed alcuni tipi di pelle ed ecopelle<\/li>\n<li>Fino a 15 colori (Ampia gamma di colori)<\/li>\n<li>Con o senza filo di congiunzione tra le lettere o porzioni separate del logo<\/li>\n<\/ul>\n<\/li>\n<\/ul>\n<p>Esistono due tipi di ricami personalizzati: i ricami classici e le patch ricamate e\/o termoadesive.<\/p>\n<p>I ricami classici consistono semplicemente nel ricamare direttamente sul tessuto del capo. \u00c8 possibile in questo modo creare nomi, frasi, loghi, con ampia possibilit\u00e0 di scelta del font da una lista di caratteri, evitando cos\u00ec i costi di impianto ricamo. \u00c8 sempre meglio scegliere di ricamare su tessuti a grammatura elevata, intorno ai 180 gr\/mq.<\/p>\n<p>Le patch ricamate e\/o termoadesive sono molto utili, invece, per indumenti spessi o impermeabili, che, a causa del loro elevato spessore, forma o altro motivo, risultano quindi pi\u00f9 difficili da ricamare. Si possono cucire direttamente sul capo e\/o fissarle con il calore. Di contro, risultano meno resistenti dei ricami tradizionali e di conseguenza \u00e8 importante che vengano poi lavate correttamente, senza utilizzo di acqua calda, ferro da stiro o asciugatrice.<\/p>\n<\/div><\/div><\/div><div class=\"fusion-panel panel-default panel-5d3d710833f1ab814 fusion-toggle-no-divider\"><div class=\"panel-heading\"><h4 class=\"panel-title toggle\" id=\"toggle_5d3d710833f1ab814\"><a aria-expanded=\"false\" aria-controls=\"5d3d710833f1ab814\" role=\"button\" data-toggle=\"collapse\" data-parent=\"#accordion-3188-1\" data-target=\"#5d3d710833f1ab814\" href=\"#5d3d710833f1ab814\"><span class=\"fusion-toggle-icon-wrapper\" aria-hidden=\"true\"><i class=\"fa-fusion-box active-icon awb-icon-minus\" aria-hidden=\"true\"><\/i><i class=\"fa-fusion-box inactive-icon awb-icon-plus\" aria-hidden=\"true\"><\/i><\/span><span class=\"fusion-toggle-heading\">SERIGRAFIA<\/span><\/a><\/h4><\/div><div id=\"5d3d710833f1ab814\" class=\"panel-collapse collapse \" aria-labelledby=\"toggle_5d3d710833f1ab814\"><div class=\"panel-body toggle-content fusion-clearfix\">\n<p>E&#8217; considerata ad oggi il metodo di stampa per eccellenza. L&#8217;immagine \u00e8 trasferita su un telaio in cui le aree non utilizzabili vengono ricoperte con una sostanza fotosensibile che, successivamente, impedisce il passaggio dell&#8217;inchiostro. Gli inchiostri sono quindi pressati attraverso il telaio per produrre un&#8217;immagine chiara e definita.<\/p>\n<ul>\n<li style=\"list-style-type: none;\">\n<ul>\n<li>Ottimo rapporto qualit\u00e0-prezzo gi\u00e0 a partire da medie quantit\u00e0<\/li>\n<li>Tecnica particolarmente consigliata per testi e\/o loghi\/disegni personalizzati e per conferire ai tessuti un effetto d\u00e9lav\u00e9<\/li>\n<li>Stampa di colori piatti (senza sfumature), tuttavia \u00e8 possibile dare sfumature a singoli colori per mezzo di retinature o eseguire stampe in quadricromia CMYK, solo per basi bianche o chiare<\/li>\n<li>Tecnica adatta a superfici piatte, \u00e8 applicabile su poliestere, nylon, cotone, tessuto non tessuto, plastica, polipropilene, PLA, carta e metallo<\/li>\n<\/ul>\n<\/li>\n<\/ul>\n<\/div><\/div><\/div><div class=\"fusion-panel panel-default panel-3aaddcd6d84408d1c fusion-toggle-no-divider\"><div class=\"panel-heading\"><h4 class=\"panel-title toggle\" id=\"toggle_3aaddcd6d84408d1c\"><a aria-expanded=\"false\" aria-controls=\"3aaddcd6d84408d1c\" role=\"button\" data-toggle=\"collapse\" data-parent=\"#accordion-3188-1\" data-target=\"#3aaddcd6d84408d1c\" href=\"#3aaddcd6d84408d1c\"><span class=\"fusion-toggle-icon-wrapper\" aria-hidden=\"true\"><i class=\"fa-fusion-box active-icon awb-icon-minus\" aria-hidden=\"true\"><\/i><i class=\"fa-fusion-box inactive-icon awb-icon-plus\" aria-hidden=\"true\"><\/i><\/span><span class=\"fusion-toggle-heading\">STAMPA A CALDO<\/span><\/a><\/h4><\/div><div id=\"3aaddcd6d84408d1c\" class=\"panel-collapse collapse \" aria-labelledby=\"toggle_3aaddcd6d84408d1c\"><div class=\"panel-body toggle-content fusion-clearfix\">\n<p>La tecnica di personalizzazione della stampa a caldo si usa spesso nella customizzazione di borse, pochette ed altri articoli di valigeria, creando un&#8217;immagine scavata realizzata applicando con il calore uno stampo sull&#8217;area scelta.<\/p>\n<ul>\n<li style=\"list-style-type: none;\">\n<ul>\n<li>Crea un effetto 3D<\/li>\n<li>Personalizzazione elegante ad alto valore percepito<\/li>\n<li>Ideale su superfici piatte, \u00e8 applicabile su pelle ed ecopelle\/similpelle (PU e PVC) e su carta<\/li>\n<li>Effetto tono su tono. Non si stampa nessun colore, si scurisce solamente il colore del materiale<\/li>\n<\/ul>\n<\/li>\n<\/ul>\n<\/div><\/div><\/div><div class=\"fusion-panel panel-default panel-46bc7a51326ccf1c7 fusion-toggle-no-divider\"><div class=\"panel-heading\"><h4 class=\"panel-title toggle\" id=\"toggle_46bc7a51326ccf1c7\"><a aria-expanded=\"false\" aria-controls=\"46bc7a51326ccf1c7\" role=\"button\" data-toggle=\"collapse\" data-parent=\"#accordion-3188-1\" data-target=\"#46bc7a51326ccf1c7\" href=\"#46bc7a51326ccf1c7\"><span class=\"fusion-toggle-icon-wrapper\" aria-hidden=\"true\"><i class=\"fa-fusion-box active-icon awb-icon-minus\" aria-hidden=\"true\"><\/i><i class=\"fa-fusion-box inactive-icon awb-icon-plus\" aria-hidden=\"true\"><\/i><\/span><span class=\"fusion-toggle-heading\">STAMPA DIGITALE<\/span><\/a><\/h4><\/div><div id=\"46bc7a51326ccf1c7\" class=\"panel-collapse collapse \" aria-labelledby=\"toggle_46bc7a51326ccf1c7\"><div class=\"panel-body toggle-content fusion-clearfix\">\n<p>Tecnica di personalizzazione che si ottiene spruzzando delle goccioline d\u2019inchiostro direttamente sui prodotti, subito fatte asciugare esponendole alla luce UV.<\/p>\n<ul>\n<li style=\"list-style-type: none;\">\n<ul>\n<li>Ideale per piccole quantit\u00e0<\/li>\n<li>Adatta soltanto a superfici piatte o leggermente curve<\/li>\n<li>Perfetta per loghi multicolore in quadricromia<\/li>\n<li>Soluzione economica per stampe multicolori e basse quantit\u00e0<\/li>\n<li>Ideale sui tessuti<\/li>\n<li>Colori CMYK, quadricromia<\/li>\n<li>Permette di riprodurre tratti molto fini e sfumature<\/li>\n<\/ul>\n<\/li>\n<\/ul>\n<\/div><\/div><\/div><div class=\"fusion-panel panel-default panel-fd2f1aef8aaf21319 fusion-toggle-no-divider\"><div class=\"panel-heading\"><h4 class=\"panel-title toggle\" id=\"toggle_fd2f1aef8aaf21319\"><a aria-expanded=\"false\" aria-controls=\"fd2f1aef8aaf21319\" role=\"button\" data-toggle=\"collapse\" data-parent=\"#accordion-3188-1\" data-target=\"#fd2f1aef8aaf21319\" href=\"#fd2f1aef8aaf21319\"><span class=\"fusion-toggle-icon-wrapper\" aria-hidden=\"true\"><i class=\"fa-fusion-box active-icon awb-icon-minus\" aria-hidden=\"true\"><\/i><i class=\"fa-fusion-box inactive-icon awb-icon-plus\" aria-hidden=\"true\"><\/i><\/span><span class=\"fusion-toggle-heading\">STRUTTURA TUBOLARE<\/span><\/a><\/h4><\/div><div id=\"fd2f1aef8aaf21319\" class=\"panel-collapse collapse \" aria-labelledby=\"toggle_fd2f1aef8aaf21319\"><div class=\"panel-body toggle-content fusion-clearfix\">\n<p>Struttura priva di cuciture laterali tipica di magliette, felpe e T-shirt promozionali e pubblicitarie.<\/p>\n<\/div><\/div><\/div><div class=\"fusion-panel panel-default panel-290c992be273b456b fusion-toggle-no-divider\"><div class=\"panel-heading\"><h4 class=\"panel-title toggle\" id=\"toggle_290c992be273b456b\"><a aria-expanded=\"false\" aria-controls=\"290c992be273b456b\" role=\"button\" data-toggle=\"collapse\" data-parent=\"#accordion-3188-1\" data-target=\"#290c992be273b456b\" href=\"#290c992be273b456b\"><span class=\"fusion-toggle-icon-wrapper\" aria-hidden=\"true\"><i class=\"fa-fusion-box active-icon awb-icon-minus\" aria-hidden=\"true\"><\/i><i class=\"fa-fusion-box inactive-icon awb-icon-plus\" aria-hidden=\"true\"><\/i><\/span><span class=\"fusion-toggle-heading\">SUBLIMAZIONE<\/span><\/a><\/h4><\/div><div id=\"290c992be273b456b\" class=\"panel-collapse collapse \" aria-labelledby=\"toggle_290c992be273b456b\"><div class=\"panel-body toggle-content fusion-clearfix\">\n<p>Con la tecnica di personalizzazione della sublimazione l&#8217;immagine da trasferire viene stampata su speciali fogli di carta transfer, mediante un plotter o una stampante dotata di specifici inchiostri sublimatici. Successivamente, una pressa a caldo stampa il transfer direttamente sul capo. Per effetto del calore gli inchiostri sublimano e si trasferiscono sul tessuto come vapori colorati che reagiscono con le fibre, fissandosi in modo indelebile e senza alcun rilievo superficiale.<\/p>\n<ul>\n<li style=\"list-style-type: none;\">\n<ul>\n<li>Soluzione ottimale per stampe <em>full colour<\/em> in quadricromia con sfumature e qualit\u00e0 fotografica<\/li>\n<li>Adatto su superfici contenenti almeno il 60% di poliestere e solo su prodotti bianchi<\/li>\n<li>Effetto morbido, impalpabile e flessibile che pu\u00f2 anche essere applicata su cuciture e cerniere<\/li>\n<li>La decorazione \u00e8 resistente allo sbiadimento ed alle crepe<\/li>\n<li>\u00c8 il sistema ideale per la stampa di abbigliamento tecnico o sportivo perch\u00e9 non ostruisce i pori del tessuto lasciandoli liberi di traspirare<\/li>\n<\/ul>\n<\/li>\n<\/ul>\n<\/div><\/div><\/div><div class=\"fusion-panel panel-default panel-b763d0e0872efd439 fusion-toggle-no-divider\"><div class=\"panel-heading\"><h4 class=\"panel-title toggle\" id=\"toggle_b763d0e0872efd439\"><a aria-expanded=\"false\" aria-controls=\"b763d0e0872efd439\" role=\"button\" data-toggle=\"collapse\" data-parent=\"#accordion-3188-1\" data-target=\"#b763d0e0872efd439\" href=\"#b763d0e0872efd439\"><span class=\"fusion-toggle-icon-wrapper\" aria-hidden=\"true\"><i class=\"fa-fusion-box active-icon awb-icon-minus\" aria-hidden=\"true\"><\/i><i class=\"fa-fusion-box inactive-icon awb-icon-plus\" aria-hidden=\"true\"><\/i><\/span><span class=\"fusion-toggle-heading\">TAMPOGRAFIA<\/span><\/a><\/h4><\/div><div id=\"b763d0e0872efd439\" class=\"panel-collapse collapse \" aria-labelledby=\"toggle_b763d0e0872efd439\"><div class=\"panel-body toggle-content fusion-clearfix\">\n<p>Detta anche stampa a tampone, \u00e8 un processo di stampa in offset indiretto, che comporta il trasferimento dell&#8217;inchiostro da una piastra metallica incisa, tramite l&#8217;utilizzo di un tampone, direttamente sul prodotto.<\/p>\n<ul>\n<li style=\"list-style-type: none;\">\n<ul>\n<li>\u00c8 adatta a ogni tipo di forma e superficie, compresi prodotti morbidi come gli antistress. \u00c8 applicabile su plastica, vetro, ceramica, carta, legno o metallo<\/li>\n<li>Perfetta anche per loghi multicolore<\/li>\n<li>Veloce ed economica ma meno duratura<\/li>\n<\/ul>\n<\/li>\n<\/ul>\n<\/div><\/div><\/div><div class=\"fusion-panel panel-default panel-409ec2db735ec58ef fusion-toggle-no-divider\"><div class=\"panel-heading\"><h4 class=\"panel-title toggle\" id=\"toggle_409ec2db735ec58ef\"><a aria-expanded=\"false\" aria-controls=\"409ec2db735ec58ef\" role=\"button\" data-toggle=\"collapse\" data-parent=\"#accordion-3188-1\" data-target=\"#409ec2db735ec58ef\" href=\"#409ec2db735ec58ef\"><span class=\"fusion-toggle-icon-wrapper\" aria-hidden=\"true\"><i class=\"fa-fusion-box active-icon awb-icon-minus\" aria-hidden=\"true\"><\/i><i class=\"fa-fusion-box inactive-icon awb-icon-plus\" aria-hidden=\"true\"><\/i><\/span><span class=\"fusion-toggle-heading\">TRANSFER<\/span><\/a><\/h4><\/div><div id=\"409ec2db735ec58ef\" class=\"panel-collapse collapse \" aria-labelledby=\"toggle_409ec2db735ec58ef\"><div class=\"panel-body toggle-content fusion-clearfix\">\n<p>Tecnica di personalizzazione che prevede la stampa del logo\/scritta\/disegno su una speciale pellicola termoadesiva, appositamente predisposta al trasferimento sul tessuto. La stessa viene poi stampata sul capo da personalizzare attraverso una pressa a caldo.<\/p>\n<p>Si tratta di una tecnica rapida, economica anche per basse tirature, con ottima resa, ideale per riprodurre motivi in quadricromia su capi bianchi o con tonalit\u00e0 chiare. Permette di riprodurre fotografie e disegni complessi. Ideale per campagne pubblicitarie o eventi puntuali. Si tratta per\u00f2 di una tecnica che rende il capo delicato, lavabile quindi solo al rovescio in acqua fredda e senza asciugatrice o altri trattamenti particolari.<\/p>\n<\/div><\/div><\/div><\/div><\/div><\/div><\/div><\/div><\/div>\n","protected":false},"excerpt":{"rendered":"","protected":false},"author":1,"featured_media":0,"parent":2563,"menu_order":0,"comment_status":"closed","ping_status":"closed","template":"100-width.php","meta":{"footnotes":""},"class_list":["post-3188","page","type-page","status-publish","hentry"],"_links":{"self":[{"href":"https:\/\/caju.promo\/it\/wp-json\/wp\/v2\/pages\/3188","targetHints":{"allow":["GET"]}}],"collection":[{"href":"https:\/\/caju.promo\/it\/wp-json\/wp\/v2\/pages"}],"about":[{"href":"https:\/\/caju.promo\/it\/wp-json\/wp\/v2\/types\/page"}],"author":[{"embeddable":true,"href":"https:\/\/caju.promo\/it\/wp-json\/wp\/v2\/users\/1"}],"replies":[{"embeddable":true,"href":"https:\/\/caju.promo\/it\/wp-json\/wp\/v2\/comments?post=3188"}],"version-history":[{"count":5,"href":"https:\/\/caju.promo\/it\/wp-json\/wp\/v2\/pages\/3188\/revisions"}],"predecessor-version":[{"id":3231,"href":"https:\/\/caju.promo\/it\/wp-json\/wp\/v2\/pages\/3188\/revisions\/3231"}],"up":[{"embeddable":true,"href":"https:\/\/caju.promo\/it\/wp-json\/wp\/v2\/pages\/2563"}],"wp:attachment":[{"href":"https:\/\/caju.promo\/it\/wp-json\/wp\/v2\/media?parent=3188"}],"curies":[{"name":"wp","href":"https:\/\/api.w.org\/{rel}","templated":true}]}}