{"id":2541,"date":"2022-03-23T15:01:05","date_gmt":"2022-03-23T15:01:05","guid":{"rendered":"https:\/\/caju.promo\/?page_id=2541"},"modified":"2022-05-16T14:08:52","modified_gmt":"2022-05-16T14:08:52","slug":"materiale-innovativo-per-un-pack-unico","status":"publish","type":"page","link":"https:\/\/caju.promo\/it\/company-buyer\/evoluzione-equilibrata\/materiale-innovativo-per-un-pack-unico\/","title":{"rendered":"Materiale innovativo per un pack unico"},"content":{"rendered":"<div class=\"fusion-fullwidth fullwidth-box fusion-builder-row-1 fusion-flex-container hundred-percent-fullwidth non-hundred-percent-height-scrolling\" style=\"--awb-border-radius-top-left:0px;--awb-border-radius-top-right:0px;--awb-border-radius-bottom-right:0px;--awb-border-radius-bottom-left:0px;--awb-padding-top:30px;--awb-padding-top-medium:0px;--awb-padding-top-small:0px;--awb-background-color:#005670;--awb-flex-wrap:wrap;\" ><div class=\"fusion-builder-row fusion-row fusion-flex-align-items-stretch fusion-flex-content-wrap\" style=\"width:104% !important;max-width:104% !important;margin-left: calc(-4% \/ 2 );margin-right: calc(-4% \/ 2 );\"><div class=\"fusion-layout-column fusion_builder_column fusion-builder-column-0 fusion_builder_column_1_1 1_1 fusion-flex-column\" style=\"--awb-padding-top:5%;--awb-padding-right:5%;--awb-padding-bottom:5%;--awb-padding-left:5%;--awb-bg-size:cover;--awb-width-large:100%;--awb-margin-top-large:20px;--awb-spacing-right-large:1.92%;--awb-margin-bottom-large:20px;--awb-spacing-left-large:1.92%;--awb-width-medium:100%;--awb-order-medium:0;--awb-spacing-right-medium:1.92%;--awb-spacing-left-medium:1.92%;--awb-width-small:100%;--awb-order-small:0;--awb-spacing-right-small:1.92%;--awb-spacing-left-small:1.92%;\"><div class=\"fusion-column-wrapper fusion-column-has-shadow fusion-flex-justify-content-flex-start fusion-content-layout-column\"><div class=\"fusion-title title fusion-title-1 fusion-sep-none fusion-title-center fusion-title-text fusion-title-size-two fusion-animated\" style=\"--awb-margin-top-small:10px;--awb-margin-right-small:0px;--awb-margin-bottom-small:15px;--awb-margin-left-small:0px;\" data-animationType=\"slideInUp\" data-animationDuration=\"1.6\" data-animationOffset=\"top-into-view\"><h2 class=\"fusion-title-heading title-heading-center fusion-responsive-typography-calculated\" style=\"margin:0;--fontSize:36;line-height:1.28;\"><p style=\"text-align: center;\">Materiale innovativo per un pack unico<\/p><\/h2><\/div><div class=\"fusion-separator fusion-no-small-visibility fusion-full-width-sep\" style=\"align-self: center;margin-left: auto;margin-right: auto;margin-top:20px;width:100%;\"><\/div><div class=\"fusion-text fusion-text-1 fusion-animated\" style=\"--awb-text-transform:none;--awb-text-color:#ffffff;\" data-animationType=\"slideInUp\" data-animationDuration=\"2.0\" data-animationOffset=\"top-into-view\"><div class=\"fusion-text fusion-text-1\">\n<p><img decoding=\"async\" class=\"lazyload alignleft wp-image-2538\" style=\"padding-right: 25px;\" src=\"https:\/\/caju.promo\/wp-content\/uploads\/2022\/03\/shopper-P17.png\" data-orig-src=\"https:\/\/caju.promo\/wp-content\/uploads\/2022\/03\/shopper-P17.png\" alt=\"\" width=\"295\" height=\"295\" srcset=\"data:image\/svg+xml,%3Csvg%20xmlns%3D%27http%3A%2F%2Fwww.w3.org%2F2000%2Fsvg%27%20width%3D%27295%27%20height%3D%27295%27%20viewBox%3D%270%200%20295%20295%27%3E%3Crect%20width%3D%27295%27%20height%3D%27295%27%20fill-opacity%3D%220%22%2F%3E%3C%2Fsvg%3E\" data-srcset=\"https:\/\/caju.promo\/wp-content\/uploads\/2022\/03\/shopper-P17-66x66.png 66w, https:\/\/caju.promo\/wp-content\/uploads\/2022\/03\/shopper-P17-150x150.png 150w, https:\/\/caju.promo\/wp-content\/uploads\/2022\/03\/shopper-P17-200x200.png 200w, https:\/\/caju.promo\/wp-content\/uploads\/2022\/03\/shopper-P17-300x300.png 300w, https:\/\/caju.promo\/wp-content\/uploads\/2022\/03\/shopper-P17-400x400.png 400w, https:\/\/caju.promo\/wp-content\/uploads\/2022\/03\/shopper-P17.png 434w\" data-sizes=\"auto\" data-orig-sizes=\"(max-width: 295px) 100vw, 295px\" \/>Dopo mesi di ricerca ed incontri possiamo confermare che abbiamo trovato un nuovo materiale, perfetto per moltissime applicazioni di packaging.<\/p>\n<ul>\n<li>Non \u00e8 carta<\/li>\n<li>Non \u00e8 TNT o tessuto<\/li>\n<li>Non \u00e8 assolutamente plastica<\/li>\n<\/ul>\n<p>E\u2019 un<strong>\u00a0materiale nuovo e innovativo<\/strong>\u00a0in grado di combinare le migliori caratteristiche dei materiali esistenti:<\/p>\n<ul>\n<li>Della carta sposa l\u2019origine totalmente<strong>\u00a0naturale<\/strong>, l\u2019alta qualit\u00e0 di stampa e la biodegradabilit\u00e0 o compostabilit\u00e0,.<\/li>\n<li>Dei tessuti emula la longevit\u00e0 e la<strong>\u00a0versatilit\u00e0,<\/strong><\/li>\n<li>Della plastica eguaglia la flessibilit\u00e0 e la\u00a0<strong>riutilizzabilit\u00e0<\/strong><\/li>\n<\/ul>\n<p><img decoding=\"async\" class=\"lazyload size-full wp-image-2577 alignright\" src=\"https:\/\/caju.promo\/wp-content\/uploads\/2022\/03\/beauty-P17.png\" data-orig-src=\"https:\/\/caju.promo\/wp-content\/uploads\/2022\/03\/beauty-P17.png\" alt=\"\" width=\"270\" height=\"271\" srcset=\"data:image\/svg+xml,%3Csvg%20xmlns%3D%27http%3A%2F%2Fwww.w3.org%2F2000%2Fsvg%27%20width%3D%27270%27%20height%3D%27271%27%20viewBox%3D%270%200%20270%20271%27%3E%3Crect%20width%3D%27270%27%20height%3D%27271%27%20fill-opacity%3D%220%22%2F%3E%3C%2Fsvg%3E\" data-srcset=\"https:\/\/caju.promo\/wp-content\/uploads\/2022\/03\/beauty-P17-66x66.png 66w, https:\/\/caju.promo\/wp-content\/uploads\/2022\/03\/beauty-P17-150x150.png 150w, https:\/\/caju.promo\/wp-content\/uploads\/2022\/03\/beauty-P17-200x201.png 200w, https:\/\/caju.promo\/wp-content\/uploads\/2022\/03\/beauty-P17.png 270w\" data-sizes=\"auto\" data-orig-sizes=\"(max-width: 270px) 100vw, 270px\" \/> <img decoding=\"async\" class=\"lazyload size-large wp-image-2578 alignright\" src=\"https:\/\/caju.promo\/wp-content\/uploads\/2022\/03\/drawstring-bag-P17.png\" data-orig-src=\"https:\/\/caju.promo\/wp-content\/uploads\/2022\/03\/drawstring-bag-P17.png\" alt=\"\" width=\"270\" height=\"270\" srcset=\"data:image\/svg+xml,%3Csvg%20xmlns%3D%27http%3A%2F%2Fwww.w3.org%2F2000%2Fsvg%27%20width%3D%27270%27%20height%3D%27270%27%20viewBox%3D%270%200%20270%20270%27%3E%3Crect%20width%3D%27270%27%20height%3D%27270%27%20fill-opacity%3D%220%22%2F%3E%3C%2Fsvg%3E\" data-srcset=\"https:\/\/caju.promo\/wp-content\/uploads\/2022\/03\/drawstring-bag-P17-66x66.png 66w, https:\/\/caju.promo\/wp-content\/uploads\/2022\/03\/drawstring-bag-P17-150x150.png 150w, https:\/\/caju.promo\/wp-content\/uploads\/2022\/03\/drawstring-bag-P17-200x200.png 200w, https:\/\/caju.promo\/wp-content\/uploads\/2022\/03\/drawstring-bag-P17.png 270w\" data-sizes=\"auto\" data-orig-sizes=\"(max-width: 270px) 100vw, 270px\" \/>E\u2019 perfettamente adatto alla conversione delle linee di produzione di carta\/cartone esistenti potendo essere personalizzato con tutte le tecniche di stampa. Funziona con tutti i tipi e i formati di borse: sacchetti con o senza soffietto, tote bag, sacchi a strozzo, shopper, luxury bag, envelope mailer per e-commerce,\u2026<\/p>\n<p>Nasce per sostituire la plastica essendo un materiale sostenibile, riutilizzabile, compostabile<\/p>\n<ul>\n<li>Consistenza morbida e lussuosa<\/li>\n<li>Difficile a strapparsi<\/li>\n<li>Durevole, resistente e silenzioso<\/li>\n<li>Abbastanza flessibile da essere piegato e riposto in una tasca<\/li>\n<li>Cucibile<\/li>\n<li>Confezionabile anche applicando cerniere, bottoni, rivetti, fibbie, occhielli<\/li>\n<\/ul>\n<p><img decoding=\"async\" class=\"lazyload  wp-image-2579 alignleft\" style=\"padding-right: 25px;\" src=\"data:image\/svg+xml,%3Csvg%20xmlns%3D%27http%3A%2F%2Fwww.w3.org%2F2000%2Fsvg%27%20width%3D%27361%27%20height%3D%27335%27%20viewBox%3D%270%200%20361%20335%27%3E%3Crect%20width%3D%27361%27%20height%3D%27335%27%20fill-opacity%3D%220%22%2F%3E%3C%2Fsvg%3E\" data-orig-src=\"https:\/\/caju.promo\/wp-content\/uploads\/2022\/03\/envelope-mailer-P17.png\" alt=\"\" width=\"361\" height=\"335\" \/>Esistono almeno 6 buoni motivi per scegliere questo materiale per il tuo packaging:<\/p>\n<ol>\n<li>\u00e8 fatto di\u00a0MATERIE PRIME RINNOVABILI, ovvero fibra di legno proveniente da foreste gestite in maniera responsabile (Certificazione FSC disponibile a richiesta)<\/li>\n<li>si ottiene una maggiore\u00a0EFFICIENZA DELLE RISORSE\u00a0dato che i prodotti realizzati sono leggeri e durevoli, migliorando efficienza di spedizione, stoccaggio e movimentazione<\/li>\n<li>la consistenza, la durevolezza e la piegabilit\u00e0 rendono\u00a0RIUTILIZZABILI\u00a0questi prodotti<\/li>\n<li>\u00e8\u00a0BIODEGRADABILE\u00a0in condizioni di compostaggio industriale secondo EN 13432<\/li>\n<li>\u00e8\u00a0RICICLABILE\u00a0perch\u00e9 contiene le migliori fibre di legno da poter essere smaltito nella raccolta differenziata della carta e successivamente trasformato in nuovi prodotti<\/li>\n<li>la sua produzione si avvale delle esistenti linee di produzione e stampa della carta rendendolo a tutti gli effetti un prodotto di\u00a0ECONOMIA CIRCOLARE<\/li>\n<\/ol>\n<p>E\u2019 un materiale che garantisce una lunga vita al pack e, di conseguenza, al vostro brand.<\/p>\n<p>Contattateci per approfondire questo tema:\u00a0<a href=\"mailto:Info@caju.promo\">info@caju.promo<\/a><\/p>\n<\/div>\n<\/div><\/div><\/div><\/div><\/div>\n","protected":false},"excerpt":{"rendered":"","protected":false},"author":1,"featured_media":0,"parent":2474,"menu_order":0,"comment_status":"closed","ping_status":"closed","template":"100-width.php","meta":{"footnotes":""},"class_list":["post-2541","page","type-page","status-publish","hentry"],"_links":{"self":[{"href":"https:\/\/caju.promo\/it\/wp-json\/wp\/v2\/pages\/2541","targetHints":{"allow":["GET"]}}],"collection":[{"href":"https:\/\/caju.promo\/it\/wp-json\/wp\/v2\/pages"}],"about":[{"href":"https:\/\/caju.promo\/it\/wp-json\/wp\/v2\/types\/page"}],"author":[{"embeddable":true,"href":"https:\/\/caju.promo\/it\/wp-json\/wp\/v2\/users\/1"}],"replies":[{"embeddable":true,"href":"https:\/\/caju.promo\/it\/wp-json\/wp\/v2\/comments?post=2541"}],"version-history":[{"count":6,"href":"https:\/\/caju.promo\/it\/wp-json\/wp\/v2\/pages\/2541\/revisions"}],"predecessor-version":[{"id":3704,"href":"https:\/\/caju.promo\/it\/wp-json\/wp\/v2\/pages\/2541\/revisions\/3704"}],"up":[{"embeddable":true,"href":"https:\/\/caju.promo\/it\/wp-json\/wp\/v2\/pages\/2474"}],"wp:attachment":[{"href":"https:\/\/caju.promo\/it\/wp-json\/wp\/v2\/media?parent=2541"}],"curies":[{"name":"wp","href":"https:\/\/api.w.org\/{rel}","templated":true}]}}