{"id":2473,"date":"2022-02-16T15:40:18","date_gmt":"2022-02-16T15:40:18","guid":{"rendered":"https:\/\/caju.promo\/?page_id=2473"},"modified":"2022-05-16T13:56:36","modified_gmt":"2022-05-16T13:56:36","slug":"packaging","status":"publish","type":"page","link":"https:\/\/caju.promo\/it\/company-buyer\/packaging\/","title":{"rendered":"Packaging"},"content":{"rendered":"<p><div class=\"fusion-fullwidth fullwidth-box fusion-builder-row-1 fusion-flex-container hundred-percent-fullwidth non-hundred-percent-height-scrolling\" style=\"--awb-border-radius-top-left:0px;--awb-border-radius-top-right:0px;--awb-border-radius-bottom-right:0px;--awb-border-radius-bottom-left:0px;--awb-padding-top:30px;--awb-padding-top-medium:0px;--awb-padding-top-small:0px;--awb-background-color:#ffffff;--awb-flex-wrap:wrap;\" ><div class=\"fusion-builder-row fusion-row fusion-flex-align-items-stretch fusion-flex-content-wrap\" style=\"width:104% !important;max-width:104% !important;margin-left: calc(-4% \/ 2 );margin-right: calc(-4% \/ 2 );\"><div class=\"fusion-layout-column fusion_builder_column fusion-builder-column-0 fusion_builder_column_1_1 1_1 fusion-flex-column\" style=\"--awb-padding-top:5%;--awb-padding-right:5%;--awb-padding-bottom:2%;--awb-padding-left:5%;--awb-bg-size:cover;--awb-width-large:100%;--awb-margin-top-large:20px;--awb-spacing-right-large:1.92%;--awb-margin-bottom-large:20px;--awb-spacing-left-large:1.92%;--awb-width-medium:100%;--awb-order-medium:0;--awb-spacing-right-medium:1.92%;--awb-spacing-left-medium:1.92%;--awb-width-small:100%;--awb-order-small:0;--awb-spacing-right-small:1.92%;--awb-spacing-left-small:1.92%;\"><div class=\"fusion-column-wrapper fusion-column-has-shadow fusion-flex-justify-content-flex-start fusion-content-layout-column\"><div class=\"fusion-title title fusion-title-1 fusion-sep-none fusion-title-center fusion-title-text fusion-title-size-two fusion-animated\" style=\"--awb-text-color:#005670;--awb-margin-top-small:10px;--awb-margin-right-small:0px;--awb-margin-bottom-small:15px;--awb-margin-left-small:0px;\" data-animationType=\"slideInUp\" data-animationDuration=\"1.6\" data-animationOffset=\"top-into-view\"><h2 class=\"fusion-title-heading title-heading-center fusion-responsive-typography-calculated\" style=\"margin:0;--fontSize:36;line-height:1.28;\"><p style=\"text-align: center;\">PACKAGING<\/p><\/h2><\/div><div class=\"fusion-separator fusion-no-small-visibility fusion-full-width-sep\" style=\"align-self: center;margin-left: auto;margin-right: auto;margin-top:20px;width:100%;\"><\/div><div class=\"fusion-text fusion-text-1 fusion-animated\" style=\"--awb-text-transform:none;--awb-text-color:#005670;\" data-animationType=\"slideInUp\" data-animationDuration=\"2.0\" data-animationOffset=\"top-into-view\"><p class=\"p1\" style=\"text-align: center;\"><strong>Caju&#8217; sviluppa, progetta e commercializza soluzioni di packaging a 360 gradi e su misura, col minore impatto ambientale.<\/strong><\/p>\n<p class=\"p1\" style=\"text-align: center;\">Quale <strong>consulente indipendente<\/strong>, Caju&#8217; non \u00e8 vincolato a uno o pi\u00f9 materiali o a specifiche linee di produzione, risultando libero di attingere e reperire la soluzione pi\u00f9 idonea al caso specifico del cliente.<\/p>\n<p class=\"p1\" style=\"text-align: center;\">Il packaging e l&#8217;imballaggio sono sempre pi\u00f9 parte fondamentale di qualsiasi marchio: definiscono l&#8217;integrit\u00e0 e la sicurezza del prodotto e guidano verso l&#8217;innovazione cercando, per quanto possibile, di scomparire o divenire (pi\u00f9) utili al termine del loro primo utilizzo.<\/p>\n<p class=\"p1\" style=\"text-align: center;\">Ogni persona \u00e8 attratta da confezioni riconoscibili, sicure e coerenti per dimensioni, colori e forme. Un packaging veramente azzeccato cattura inconsciamente la persona stimolandone i sensi senza perdere la sua semplicit\u00e0 e funzionalit\u00e0.<\/p>\n<p class=\"p1\" style=\"text-align: center;\">Caju&#8217; misura l&#8217;impatto ambientale del prodotto nel corso del suo intero ciclo di vita, tramite l\u2019analisi del ciclo di vita (LCA), e punta alla <strong>circolarit\u00e0 e riciclo dei materiali<\/strong> optando per il riutilizzo e la longevit\u00e0 oppure facendoli scomparire <i>senza lasciare traccia,<\/i> tramite sistemi di compostaggio industriale o domestico e fino alla biodegradabilit\u00e0.<\/p>\n<\/div><\/div><\/div><\/div><\/div><div class=\"fusion-fullwidth fullwidth-box fusion-builder-row-2 fusion-flex-container hundred-percent-fullwidth non-hundred-percent-height-scrolling fusion-no-small-visibility\" style=\"--awb-border-radius-top-left:0px;--awb-border-radius-top-right:0px;--awb-border-radius-bottom-right:0px;--awb-border-radius-bottom-left:0px;--awb-padding-top:80px;--awb-padding-right:0px;--awb-padding-bottom:100px;--awb-padding-left:0px;--awb-padding-top-medium:60px;--awb-margin-top:0px;--awb-margin-bottom:0px;--awb-background-color:#fe5000;--awb-flex-wrap:wrap;\" ><div class=\"fusion-builder-row fusion-row fusion-flex-align-items-flex-start fusion-flex-content-wrap\" style=\"width:104% !important;max-width:104% !important;margin-left: calc(-4% \/ 2 );margin-right: calc(-4% \/ 2 );\"><div class=\"fusion-layout-column fusion_builder_column fusion-builder-column-1 fusion_builder_column_1_3 1_3 fusion-flex-column fusion-column-inner-bg-wrapper fusion-animated\" style=\"--awb-padding-top:300px;--awb-padding-bottom:50px;--awb-inner-bg-size:cover;--awb-width-large:33.333333333333%;--awb-margin-top-large:20px;--awb-spacing-right-large:0px;--awb-margin-bottom-large:20px;--awb-spacing-left-large:0px;--awb-width-medium:100%;--awb-order-medium:0;--awb-spacing-right-medium:0px;--awb-spacing-left-medium:0px;--awb-width-small:100%;--awb-order-small:0;--awb-spacing-right-small:1.92%;--awb-spacing-left-small:1.92%;\" data-animationType=\"slideInUp\" data-animationDuration=\"2.0\" data-animationOffset=\"top-into-view\"><span class=\"fusion-column-inner-bg hover-type-zoomin\"><a class=\"fusion-column-anchor\" href=\"https:\/\/caju.promo\/company-buyer\/packaging\/borse-shopper-zaini-sacchi-a-strozzo\/\"><span class=\"fusion-column-inner-bg-image lazyload\" data-bg=\"https:\/\/caju.promo\/wp-content\/uploads\/2022\/04\/Packaging-BorseShopper-Zaini-Sacchi-a-strozzo-1024x1024.jpg\"><\/span><\/a><\/span><div class=\"fusion-column-wrapper fusion-column-has-shadow fusion-flex-justify-content-flex-start fusion-content-layout-column fusion-column-has-bg-image\" data-bg-url=\"https:\/\/caju.promo\/wp-content\/uploads\/2022\/04\/Packaging-BorseShopper-Zaini-Sacchi-a-strozzo-1024x1024.jpg\"><div class=\"fusion-text fusion-text-2\" style=\"--awb-font-size:17px;--awb-text-transform:none;--awb-text-color:#005670;\"><h4 style=\"text-align: center; padding: 10px; background-color: #ffffff; opacity: 0.7;\"><strong>BORSE, SHOPPER, ZAINI,<br \/>\nSACCHI A STROZZO<\/strong><\/h4>\n<\/div><\/div><\/div><div class=\"fusion-layout-column fusion_builder_column fusion-builder-column-2 fusion_builder_column_1_3 1_3 fusion-flex-column fusion-column-inner-bg-wrapper fusion-animated\" style=\"--awb-padding-top:300px;--awb-padding-bottom:50px;--awb-inner-bg-size:cover;--awb-width-large:33.333333333333%;--awb-margin-top-large:20px;--awb-spacing-right-large:0px;--awb-margin-bottom-large:20px;--awb-spacing-left-large:0px;--awb-width-medium:100%;--awb-order-medium:0;--awb-spacing-right-medium:0px;--awb-spacing-left-medium:0px;--awb-width-small:100%;--awb-order-small:0;--awb-spacing-right-small:1.92%;--awb-spacing-left-small:1.92%;\" data-animationType=\"slideInUp\" data-animationDuration=\"2.0\" data-animationOffset=\"top-into-view\"><span class=\"fusion-column-inner-bg hover-type-zoomin\"><a class=\"fusion-column-anchor\" href=\"https:\/\/caju.promo\/company-buyer\/packaging\/packaging-primario-e-contenitori-2\"><span class=\"fusion-column-inner-bg-image lazyload\" data-bg=\"https:\/\/caju.promo\/wp-content\/uploads\/2022\/04\/Packaging-primario-e-contenitori-1024x1024.jpg\"><\/span><\/a><\/span><div class=\"fusion-column-wrapper fusion-column-has-shadow fusion-flex-justify-content-flex-start fusion-content-layout-column fusion-column-has-bg-image\" data-bg-url=\"https:\/\/caju.promo\/wp-content\/uploads\/2022\/04\/Packaging-primario-e-contenitori-1024x1024.jpg\"><div class=\"fusion-text fusion-text-3\" style=\"--awb-font-size:22px;--awb-text-transform:none;--awb-text-color:#005670;\"><h4 style=\"text-align: center; padding: 10px; background-color: #ffffff; opacity: 0.7;\"><strong>PACKAGING PRIMARIO<br \/>\nE CONTENITORI<\/strong><\/h4>\n<\/div><\/div><\/div><div class=\"fusion-layout-column fusion_builder_column fusion-builder-column-3 fusion_builder_column_1_3 1_3 fusion-flex-column fusion-column-inner-bg-wrapper fusion-animated\" style=\"--awb-padding-top:300px;--awb-padding-bottom:50px;--awb-inner-bg-size:cover;--awb-width-large:33.333333333333%;--awb-margin-top-large:20px;--awb-spacing-right-large:0px;--awb-margin-bottom-large:20px;--awb-spacing-left-large:0px;--awb-width-medium:100%;--awb-order-medium:0;--awb-spacing-right-medium:0px;--awb-spacing-left-medium:0px;--awb-width-small:100%;--awb-order-small:0;--awb-spacing-right-small:1.92%;--awb-spacing-left-small:1.92%;\" data-animationType=\"slideInUp\" data-animationDuration=\"2.0\" data-animationOffset=\"top-into-view\"><span class=\"fusion-column-inner-bg hover-type-zoomin\"><a class=\"fusion-column-anchor\" href=\"https:\/\/caju.promo\/company-buyer\/packaging\/nastri-e-soluzioni-legate-al-packaging\"><span class=\"fusion-column-inner-bg-image lazyload\" data-bg=\"https:\/\/caju.promo\/wp-content\/uploads\/2022\/04\/Nastro-1024x1024.jpg\"><\/span><\/a><\/span><div class=\"fusion-column-wrapper fusion-column-has-shadow fusion-flex-justify-content-flex-start fusion-content-layout-column fusion-column-has-bg-image\" data-bg-url=\"https:\/\/caju.promo\/wp-content\/uploads\/2022\/04\/Nastro-1024x1024.jpg\"><div class=\"fusion-text fusion-text-4\" style=\"--awb-font-size:17px;--awb-text-transform:none;--awb-text-color:#005670;\"><h4 style=\"text-align: center; padding: 10px; background-color: #ffffff; opacity: 0.7;\"><strong>NASTRI E SOLUZIONI<br \/>\nLEGATE AL PACKAGING<\/strong><\/h4>\n<\/div><\/div><\/div><div class=\"fusion-layout-column fusion_builder_column fusion-builder-column-4 fusion_builder_column_1_3 1_3 fusion-flex-column fusion-column-inner-bg-wrapper fusion-animated\" style=\"--awb-padding-top:300px;--awb-padding-bottom:50px;--awb-inner-bg-size:cover;--awb-width-large:33.333333333333%;--awb-margin-top-large:20px;--awb-spacing-right-large:0px;--awb-margin-bottom-large:20px;--awb-spacing-left-large:0px;--awb-width-medium:100%;--awb-order-medium:0;--awb-spacing-right-medium:0px;--awb-spacing-left-medium:0px;--awb-width-small:100%;--awb-order-small:0;--awb-spacing-right-small:1.92%;--awb-spacing-left-small:1.92%;\" data-animationType=\"slideInUp\" data-animationDuration=\"2.0\" data-animationOffset=\"top-into-view\"><span class=\"fusion-column-inner-bg hover-type-zoomin\"><a class=\"fusion-column-anchor\" href=\"https:\/\/caju.promo\/company-buyer\/packaging\/box-confezioni-mailer-2\/\"><span class=\"fusion-column-inner-bg-image lazyload\" data-bg=\"https:\/\/caju.promo\/wp-content\/uploads\/2022\/04\/Box-confezioni-Mailer-1024x1024.jpg\"><\/span><\/a><\/span><div class=\"fusion-column-wrapper fusion-column-has-shadow fusion-flex-justify-content-flex-start fusion-content-layout-column fusion-column-has-bg-image\" data-bg-url=\"https:\/\/caju.promo\/wp-content\/uploads\/2022\/04\/Box-confezioni-Mailer-1024x1024.jpg\"><div class=\"fusion-text fusion-text-5\" style=\"--awb-font-size:22px;--awb-text-transform:none;--awb-text-color:#005670;\"><h4 style=\"text-align: center; padding: 10px; background-color: #ffffff; opacity: 0.7;\"><strong>BOX, CONFEZIONI, MAILER<\/strong><\/h4>\n<\/div><\/div><\/div><div class=\"fusion-layout-column fusion_builder_column fusion-builder-column-5 fusion_builder_column_1_3 1_3 fusion-flex-column fusion-column-inner-bg-wrapper fusion-animated\" style=\"--awb-padding-top:300px;--awb-padding-bottom:50px;--awb-inner-bg-size:cover;--awb-width-large:33.333333333333%;--awb-margin-top-large:20px;--awb-spacing-right-large:0px;--awb-margin-bottom-large:20px;--awb-spacing-left-large:0px;--awb-width-medium:100%;--awb-order-medium:0;--awb-spacing-right-medium:0px;--awb-spacing-left-medium:0px;--awb-width-small:100%;--awb-order-small:0;--awb-spacing-right-small:1.92%;--awb-spacing-left-small:1.92%;\" data-animationType=\"slideInUp\" data-animationDuration=\"2.0\" data-animationOffset=\"top-into-view\"><span class=\"fusion-column-inner-bg hover-type-zoomin\"><a class=\"fusion-column-anchor\" href=\"https:\/\/caju.promo\/company-buyer\/packaging\/espositori\/\"><span class=\"fusion-column-inner-bg-image lazyload\" data-bg=\"https:\/\/caju.promo\/wp-content\/uploads\/2022\/04\/Espositore-1024x1024.jpg\"><\/span><\/a><\/span><div class=\"fusion-column-wrapper fusion-column-has-shadow fusion-flex-justify-content-flex-start fusion-content-layout-column fusion-column-has-bg-image\" data-bg-url=\"https:\/\/caju.promo\/wp-content\/uploads\/2022\/04\/Espositore-1024x1024.jpg\"><div class=\"fusion-text fusion-text-6\" style=\"--awb-font-size:22px;--awb-text-transform:none;--awb-text-color:#005670;\"><h4 style=\"text-align: center; padding: 10px; background-color: #ffffff; opacity: 0.7;\"><strong>ESPOSITORI<\/strong><\/h4>\n<\/div><\/div><\/div><\/div><\/div><div class=\"fusion-fullwidth fullwidth-box fusion-builder-row-3 fusion-flex-container hundred-percent-fullwidth non-hundred-percent-height-scrolling fusion-no-medium-visibility fusion-no-large-visibility\" style=\"--awb-border-radius-top-left:0px;--awb-border-radius-top-right:0px;--awb-border-radius-bottom-right:0px;--awb-border-radius-bottom-left:0px;--awb-padding-top:80px;--awb-padding-right:0px;--awb-padding-bottom:100px;--awb-padding-left:0px;--awb-padding-top-medium:60px;--awb-margin-top:0px;--awb-margin-bottom:0px;--awb-background-color:#fe5000;--awb-flex-wrap:wrap;\" ><div class=\"fusion-builder-row fusion-row fusion-flex-align-items-flex-start fusion-flex-content-wrap\" style=\"width:104% !important;max-width:104% !important;margin-left: calc(-4% \/ 2 );margin-right: calc(-4% \/ 2 );\"><div class=\"fusion-layout-column fusion_builder_column fusion-builder-column-6 fusion_builder_column_1_3 1_3 fusion-flex-column fusion-column-inner-bg-wrapper fusion-animated\" style=\"--awb-padding-top:300px;--awb-padding-bottom:50px;--awb-inner-bg-size:cover;--awb-width-large:33.333333333333%;--awb-margin-top-large:20px;--awb-spacing-right-large:0px;--awb-margin-bottom-large:20px;--awb-spacing-left-large:0px;--awb-width-medium:100%;--awb-order-medium:0;--awb-spacing-right-medium:0px;--awb-spacing-left-medium:0px;--awb-width-small:100%;--awb-order-small:0;--awb-spacing-right-small:1.92%;--awb-spacing-left-small:1.92%;\" data-animationType=\"slideInUp\" data-animationDuration=\"2.0\" data-animationOffset=\"top-into-view\"><span class=\"fusion-column-inner-bg hover-type-zoomin\"><a class=\"fusion-column-anchor\" href=\"https:\/\/caju.promo\/company-buyer\/packaging\/borse-shopper-zaini-sacchi-a-strozzo\/\"><span class=\"fusion-column-inner-bg-image lazyload\" data-bg=\"https:\/\/caju.promo\/wp-content\/uploads\/2022\/04\/Packaging-BorseShopper-Zaini-Sacchi-a-strozzo-1024x1024.jpg\"><\/span><\/a><\/span><div class=\"fusion-column-wrapper fusion-column-has-shadow fusion-flex-justify-content-flex-start fusion-content-layout-column fusion-column-has-bg-image\" data-bg-url=\"https:\/\/caju.promo\/wp-content\/uploads\/2022\/04\/Packaging-BorseShopper-Zaini-Sacchi-a-strozzo-1024x1024.jpg\"><div class=\"fusion-text fusion-text-7\" style=\"--awb-font-size:17px;--awb-text-transform:none;--awb-text-color:#005670;\"><h4 style=\"text-align: center; padding: 10px; background-color: #ffffff; opacity: 0.7;\"><strong>BORSE, SHOPPER, ZAINI,<br \/>\nSACCHI A STROZZO<\/strong><\/h4>\n<\/div><\/div><\/div><div class=\"fusion-layout-column fusion_builder_column fusion-builder-column-7 fusion_builder_column_1_3 1_3 fusion-flex-column fusion-column-inner-bg-wrapper fusion-animated\" style=\"--awb-padding-top:300px;--awb-padding-bottom:50px;--awb-inner-bg-size:cover;--awb-width-large:33.333333333333%;--awb-margin-top-large:20px;--awb-spacing-right-large:0px;--awb-margin-bottom-large:20px;--awb-spacing-left-large:0px;--awb-width-medium:100%;--awb-order-medium:0;--awb-spacing-right-medium:0px;--awb-spacing-left-medium:0px;--awb-width-small:100%;--awb-order-small:0;--awb-spacing-right-small:1.92%;--awb-spacing-left-small:1.92%;\" data-animationType=\"slideInUp\" data-animationDuration=\"2.0\" data-animationOffset=\"top-into-view\"><span class=\"fusion-column-inner-bg hover-type-zoomin\"><a class=\"fusion-column-anchor\" href=\"https:\/\/caju.promo\/company-buyer\/packaging\/packaging-primario-e-contenitori-2\"><span class=\"fusion-column-inner-bg-image lazyload\" data-bg=\"https:\/\/caju.promo\/wp-content\/uploads\/2022\/04\/Packaging-primario-e-contenitori-1024x1024.jpg\"><\/span><\/a><\/span><div class=\"fusion-column-wrapper fusion-column-has-shadow fusion-flex-justify-content-flex-start fusion-content-layout-column fusion-column-has-bg-image\" data-bg-url=\"https:\/\/caju.promo\/wp-content\/uploads\/2022\/04\/Packaging-primario-e-contenitori-1024x1024.jpg\"><div class=\"fusion-text fusion-text-8\" style=\"--awb-font-size:22px;--awb-text-transform:none;--awb-text-color:#005670;\"><h4 style=\"text-align: center; padding: 10px; background-color: #ffffff; opacity: 0.7;\"><strong>PACKAGING PRIMARIO<br \/>\nE CONTENITORI<\/strong><\/h4>\n<\/div><\/div><\/div><div class=\"fusion-layout-column fusion_builder_column fusion-builder-column-8 fusion_builder_column_1_3 1_3 fusion-flex-column fusion-column-inner-bg-wrapper fusion-animated\" style=\"--awb-padding-top:300px;--awb-padding-bottom:50px;--awb-inner-bg-size:cover;--awb-width-large:33.333333333333%;--awb-margin-top-large:20px;--awb-spacing-right-large:0px;--awb-margin-bottom-large:20px;--awb-spacing-left-large:0px;--awb-width-medium:100%;--awb-order-medium:0;--awb-spacing-right-medium:0px;--awb-spacing-left-medium:0px;--awb-width-small:100%;--awb-order-small:0;--awb-spacing-right-small:1.92%;--awb-spacing-left-small:1.92%;\" data-animationType=\"slideInUp\" data-animationDuration=\"2.0\" data-animationOffset=\"top-into-view\"><span class=\"fusion-column-inner-bg hover-type-zoomin\"><a class=\"fusion-column-anchor\" href=\"https:\/\/caju.promo\/company-buyer\/packaging\/nastri-e-soluzioni-legate-al-packaging\"><span class=\"fusion-column-inner-bg-image lazyload\" data-bg=\"https:\/\/caju.promo\/wp-content\/uploads\/2022\/04\/Nastro-1024x1024.jpg\"><\/span><\/a><\/span><div class=\"fusion-column-wrapper fusion-column-has-shadow fusion-flex-justify-content-flex-start fusion-content-layout-column fusion-column-has-bg-image\" data-bg-url=\"https:\/\/caju.promo\/wp-content\/uploads\/2022\/04\/Nastro-1024x1024.jpg\"><div class=\"fusion-text fusion-text-9\" style=\"--awb-font-size:17px;--awb-text-transform:none;--awb-text-color:#005670;\"><h4 style=\"text-align: center; padding: 10px; background-color: #ffffff; opacity: 0.7;\"><strong>NASTRI E SOLUZIONI<br \/>\nLEGATE AL PACKAGING<\/strong><\/h4>\n<\/div><\/div><\/div><div class=\"fusion-layout-column fusion_builder_column fusion-builder-column-9 fusion_builder_column_1_3 1_3 fusion-flex-column fusion-column-inner-bg-wrapper fusion-animated\" style=\"--awb-padding-top:300px;--awb-padding-bottom:50px;--awb-inner-bg-size:cover;--awb-width-large:33.333333333333%;--awb-margin-top-large:20px;--awb-spacing-right-large:0px;--awb-margin-bottom-large:20px;--awb-spacing-left-large:0px;--awb-width-medium:100%;--awb-order-medium:0;--awb-spacing-right-medium:0px;--awb-spacing-left-medium:0px;--awb-width-small:100%;--awb-order-small:0;--awb-spacing-right-small:1.92%;--awb-spacing-left-small:1.92%;\" data-animationType=\"slideInUp\" data-animationDuration=\"2.0\" data-animationOffset=\"top-into-view\"><span class=\"fusion-column-inner-bg hover-type-zoomin\"><a class=\"fusion-column-anchor\" href=\"https:\/\/caju.promo\/company-buyer\/packaging\/box-confezioni-mailer-2\/\"><span class=\"fusion-column-inner-bg-image lazyload\" data-bg=\"https:\/\/caju.promo\/wp-content\/uploads\/2022\/04\/Box-confezioni-Mailer-1024x1024.jpg\"><\/span><\/a><\/span><div class=\"fusion-column-wrapper fusion-column-has-shadow fusion-flex-justify-content-flex-start fusion-content-layout-column fusion-column-has-bg-image\" data-bg-url=\"https:\/\/caju.promo\/wp-content\/uploads\/2022\/04\/Box-confezioni-Mailer-1024x1024.jpg\"><div class=\"fusion-text fusion-text-10\" style=\"--awb-font-size:22px;--awb-text-transform:none;--awb-text-color:#005670;\"><h4 style=\"text-align: center; padding: 10px; background-color: #ffffff; opacity: 0.7;\"><strong>BOX, CONFEZIONI, MAILER<\/strong><\/h4>\n<\/div><\/div><\/div><div class=\"fusion-layout-column fusion_builder_column fusion-builder-column-10 fusion_builder_column_1_3 1_3 fusion-flex-column fusion-column-inner-bg-wrapper fusion-animated\" style=\"--awb-padding-top:300px;--awb-padding-bottom:50px;--awb-inner-bg-size:cover;--awb-width-large:33.333333333333%;--awb-margin-top-large:20px;--awb-spacing-right-large:0px;--awb-margin-bottom-large:20px;--awb-spacing-left-large:0px;--awb-width-medium:100%;--awb-order-medium:0;--awb-spacing-right-medium:0px;--awb-spacing-left-medium:0px;--awb-width-small:100%;--awb-order-small:0;--awb-spacing-right-small:1.92%;--awb-spacing-left-small:1.92%;\" data-animationType=\"slideInUp\" data-animationDuration=\"2.0\" data-animationOffset=\"top-into-view\"><span class=\"fusion-column-inner-bg hover-type-zoomin\"><a class=\"fusion-column-anchor\" href=\"https:\/\/caju.promo\/company-buyer\/packaging\/espositori\/\"><span class=\"fusion-column-inner-bg-image lazyload\" data-bg=\"https:\/\/caju.promo\/wp-content\/uploads\/2022\/04\/Espositore-1024x1024.jpg\"><\/span><\/a><\/span><div class=\"fusion-column-wrapper fusion-column-has-shadow fusion-flex-justify-content-flex-start fusion-content-layout-column fusion-column-has-bg-image\" data-bg-url=\"https:\/\/caju.promo\/wp-content\/uploads\/2022\/04\/Espositore-1024x1024.jpg\"><div class=\"fusion-text fusion-text-11\" style=\"--awb-font-size:22px;--awb-text-transform:none;--awb-text-color:#005670;\"><h4 style=\"text-align: center; padding: 10px; background-color: #ffffff; opacity: 0.7;\"><strong>ESPOSITORI<\/strong><\/h4>\n<\/div><\/div><\/div><\/div><\/div><\/p>\n","protected":false},"excerpt":{"rendered":"","protected":false},"author":1,"featured_media":0,"parent":344,"menu_order":0,"comment_status":"closed","ping_status":"closed","template":"100-width.php","meta":{"footnotes":""},"class_list":["post-2473","page","type-page","status-publish","hentry"],"_links":{"self":[{"href":"https:\/\/caju.promo\/it\/wp-json\/wp\/v2\/pages\/2473","targetHints":{"allow":["GET"]}}],"collection":[{"href":"https:\/\/caju.promo\/it\/wp-json\/wp\/v2\/pages"}],"about":[{"href":"https:\/\/caju.promo\/it\/wp-json\/wp\/v2\/types\/page"}],"author":[{"embeddable":true,"href":"https:\/\/caju.promo\/it\/wp-json\/wp\/v2\/users\/1"}],"replies":[{"embeddable":true,"href":"https:\/\/caju.promo\/it\/wp-json\/wp\/v2\/comments?post=2473"}],"version-history":[{"count":28,"href":"https:\/\/caju.promo\/it\/wp-json\/wp\/v2\/pages\/2473\/revisions"}],"predecessor-version":[{"id":3695,"href":"https:\/\/caju.promo\/it\/wp-json\/wp\/v2\/pages\/2473\/revisions\/3695"}],"up":[{"embeddable":true,"href":"https:\/\/caju.promo\/it\/wp-json\/wp\/v2\/pages\/344"}],"wp:attachment":[{"href":"https:\/\/caju.promo\/it\/wp-json\/wp\/v2\/media?parent=2473"}],"curies":[{"name":"wp","href":"https:\/\/api.w.org\/{rel}","templated":true}]}}