{"id":2323,"date":"2022-02-14T14:54:39","date_gmt":"2022-02-14T14:54:39","guid":{"rendered":"https:\/\/caju.promo\/?page_id=2323"},"modified":"2022-04-26T09:42:05","modified_gmt":"2022-04-26T09:42:05","slug":"consulenza-csr","status":"publish","type":"page","link":"https:\/\/caju.promo\/it\/consulenza-csr\/","title":{"rendered":"Consulenza CSR"},"content":{"rendered":"<p><div class=\"fusion-fullwidth fullwidth-box fusion-builder-row-1 fusion-flex-container hundred-percent-fullwidth non-hundred-percent-height-scrolling\" style=\"--awb-border-radius-top-left:0px;--awb-border-radius-top-right:0px;--awb-border-radius-bottom-right:0px;--awb-border-radius-bottom-left:0px;--awb-padding-top:30px;--awb-padding-top-medium:0px;--awb-padding-top-small:0px;--awb-background-color:#005670;--awb-flex-wrap:wrap;\" ><div class=\"fusion-builder-row fusion-row fusion-flex-align-items-stretch fusion-flex-content-wrap\" style=\"width:104% !important;max-width:104% !important;margin-left: calc(-4% \/ 2 );margin-right: calc(-4% \/ 2 );\"><div class=\"fusion-layout-column fusion_builder_column fusion-builder-column-0 fusion_builder_column_1_1 1_1 fusion-flex-column\" style=\"--awb-padding-top:5%;--awb-padding-right:5%;--awb-padding-bottom:2%;--awb-padding-left:5%;--awb-bg-size:cover;--awb-width-large:100%;--awb-margin-top-large:20px;--awb-spacing-right-large:1.92%;--awb-margin-bottom-large:20px;--awb-spacing-left-large:1.92%;--awb-width-medium:100%;--awb-order-medium:0;--awb-spacing-right-medium:1.92%;--awb-spacing-left-medium:1.92%;--awb-width-small:100%;--awb-order-small:0;--awb-spacing-right-small:1.92%;--awb-spacing-left-small:1.92%;\"><div class=\"fusion-column-wrapper fusion-column-has-shadow fusion-flex-justify-content-flex-start fusion-content-layout-column\"><div class=\"fusion-title title fusion-title-1 fusion-sep-none fusion-title-center fusion-title-text fusion-title-size-two fusion-animated\" style=\"--awb-margin-top-small:10px;--awb-margin-right-small:0px;--awb-margin-bottom-small:15px;--awb-margin-left-small:0px;\" data-animationType=\"slideInUp\" data-animationDuration=\"1.6\" data-animationOffset=\"top-into-view\"><h2 class=\"fusion-title-heading title-heading-center fusion-responsive-typography-calculated\" style=\"margin:0;--fontSize:36;line-height:1.28;\"><p style=\"text-align: center;\">CONSULENZA CSR<\/p><\/h2><\/div><div class=\"fusion-separator fusion-no-small-visibility fusion-full-width-sep\" style=\"align-self: center;margin-left: auto;margin-right: auto;margin-top:20px;width:100%;\"><\/div><div class=\"fusion-text fusion-text-1 fusion-animated\" style=\"--awb-text-transform:none;--awb-text-color:#ffffff;\" data-animationType=\"slideInUp\" data-animationDuration=\"2.0\" data-animationOffset=\"top-into-view\"><p>Caju&#8217;, come consulente CSR, orienta le aziende in <strong>scelte strategiche e operative<\/strong> volte a integrare la sostenibilit\u00e0 nella cultura delle organizzazioni stesse.<\/p>\n<p>L\u2019obiettivo \u00e8 di cogliere a fondo lo spirito e la cultura aziendale per poi individuare strategie e attivit\u00e0 sulle quali attuare percorsi di sostenibilit\u00e0, alla ricerca di un equilibrio coerente con le proprie specifiche esigenze.<\/p>\n<p><strong>STRATEGIA<\/strong><\/p>\n<p>Caju\u2019 aiuta le aziende a dare organicit\u00e0 e senso alle singole e o sporadiche azioni di sostenibilit\u00e0, anche attraverso un approccio costante all\u2019innovazione e una visione\/gestione creativa della risoluzione dei problemi (<em>Design Thinking<\/em>),<\/p>\n<ul>\n<li>misurando il Carbon Footprint di Prodotto e il Carbon Footprint di organizzazione (calcolo delle emissioni di gas serra, dell\u2019uso dell\u2019acqua, delle risorse minerali e dei combustibili fossili)<\/li>\n<li>operando un\u2019analisi di Materialit\u00e0\/Priorit\u00e0 in stretta relazione con gli SDG\u2019s e in dialogo con gli Stakeholder<\/li>\n<li>facendo emergere obiettivi, azioni e KPI<\/li>\n<li>redigendo bilanci di sostenibilit\u00e0 secondo le linee guida GRI<\/li>\n<\/ul>\n<p><strong>OPERATIVITA&#8217;<\/strong><\/p>\n<p>Caju&#8217; traduce in azioni concrete le strategie.<\/p>\n<p>Nello sviluppo quotidiano di soluzioni di packaging, gift e abbigliamento Caju&#8217; \u00e8 guidata da principi di:<\/p>\n<ul>\n<li>analisi del ciclo di vita (<em>LCA \u2013 Life Cycle Assessment<\/em>), preferendo soluzioni longeve o soluzioni che scompaiono senza lasciare traccia; una forte spinta per passare da un\u2019economia lineare ad un modello di economia circolare, ripensando al rifiuto (facilmente riciclabile) come materia prima.<\/li>\n<li><em>material driven and CMF design<\/em>, ricercando costantemente nuovi materiali per superare le soluzioni convenzionali, abbinando l&#8217;idoneit\u00e0 funzionale ad esperienze significative e prestando attenzione ai colori, ai materiali e alle loro finiture<\/li>\n<li>trasparenza delle catene di fornitura<\/li>\n<li>rispetto di standard ambientali e sociali non per forza legati a certificazioni riconosciute<\/li>\n<li>prossimit\u00e0 del Paese di origine<\/li>\n<\/ul>\n<p>Il continuo cambiamento \u00e8 uno dei valori fondanti di Caju&#8217;, un cambiamento culturale, prima che tecnologico, che come tale coinvolge le persone a tutti i livelli.<\/p>\n<p><strong>Cambiare i comportamenti delle persone, trasformare i processi, raggiungere i risultati puntando ad un miglioramento continuo.<\/strong><\/p>\n<p>Elimina gli sprechi. Non \u00e8 pi\u00f9 il tempo degli ordini in grandi numeri.\u00a0<strong>Fornire e produrre solo ci\u00f2 che serve<\/strong>, solamente quando serve. Si punta ad oltrepassare il concetto di lotti di produzione e sciogliere molti vincoli di settore basati sulla produzione in larga scala.<\/p>\n<p>Tutto ci\u00f2 significa fornire soluzioni<strong> sempre pi\u00f9 personalizzate<\/strong>, con grafiche che possono mutare insieme alla comunicazione aziendale in quanto non pi\u00f9 legate a grandi quantit\u00e0.<\/p>\n<p>Caju&#8217; sposta<u> il focus dai prodotti ai bisogni dei clienti partner, per vendere loro un valore e non solo un oggetto al miglior prezzo possibile<\/u>.<\/p>\n<\/div><\/div><\/div><\/div><\/div><div class=\"fusion-fullwidth fullwidth-box fusion-builder-row-2 fusion-flex-container nonhundred-percent-fullwidth non-hundred-percent-height-scrolling\" style=\"--awb-border-radius-top-left:0px;--awb-border-radius-top-right:0px;--awb-border-radius-bottom-right:0px;--awb-border-radius-bottom-left:0px;--awb-padding-top:30px;--awb-padding-bottom:30px;--awb-background-color:var(--awb-color2);--awb-flex-wrap:wrap;\" ><div class=\"fusion-builder-row fusion-row fusion-flex-align-items-flex-start fusion-flex-content-wrap\" style=\"max-width:1248px;margin-left: calc(-4% \/ 2 );margin-right: calc(-4% \/ 2 );\"><div class=\"fusion-layout-column fusion_builder_column fusion-builder-column-1 fusion_builder_column_1_1 1_1 fusion-flex-column\" style=\"--awb-padding-top:60px;--awb-padding-right:50px;--awb-padding-bottom:30px;--awb-padding-left:50px;--awb-bg-size:cover;--awb-width-large:100%;--awb-margin-top-large:20px;--awb-spacing-right-large:4.8%;--awb-margin-bottom-large:20px;--awb-spacing-left-large:4.8%;--awb-width-medium:100%;--awb-order-medium:0;--awb-spacing-right-medium:1.92%;--awb-spacing-left-medium:1.92%;--awb-width-small:100%;--awb-order-small:0;--awb-spacing-right-small:1.92%;--awb-spacing-left-small:1.92%;\"><div class=\"fusion-column-wrapper fusion-column-has-shadow fusion-flex-justify-content-flex-start fusion-content-layout-column\"><div class=\"fusion-text fusion-text-2\" style=\"--awb-text-transform:none;--awb-text-color:#ffffff;\"><p style=\"text-align: center;\"><em>\u201cQuando non resta molto tempo le nostre parole e i nostri gesti non si perdono\u00a0in fronzoli,<br \/>\nin cose inutili, in orpelli che ci appesantiscono; quando ci troviamo di fronte a certe urgenze<br \/>\nesiste solo il bisogno di grandi verit\u00e0, il bisogno di parlare di cose che arrivano dirette al cuore.\u201d<\/em><\/p>\n<\/div><\/div><\/div><\/div><\/div><\/p>\n","protected":false},"excerpt":{"rendered":"","protected":false},"author":1,"featured_media":0,"parent":0,"menu_order":0,"comment_status":"closed","ping_status":"closed","template":"100-width.php","meta":{"_vp_format_video_url":"","_vp_image_focal_point":[],"footnotes":""},"class_list":["post-2323","page","type-page","status-publish","hentry"],"_links":{"self":[{"href":"https:\/\/caju.promo\/it\/wp-json\/wp\/v2\/pages\/2323","targetHints":{"allow":["GET"]}}],"collection":[{"href":"https:\/\/caju.promo\/it\/wp-json\/wp\/v2\/pages"}],"about":[{"href":"https:\/\/caju.promo\/it\/wp-json\/wp\/v2\/types\/page"}],"author":[{"embeddable":true,"href":"https:\/\/caju.promo\/it\/wp-json\/wp\/v2\/users\/1"}],"replies":[{"embeddable":true,"href":"https:\/\/caju.promo\/it\/wp-json\/wp\/v2\/comments?post=2323"}],"version-history":[{"count":10,"href":"https:\/\/caju.promo\/it\/wp-json\/wp\/v2\/pages\/2323\/revisions"}],"predecessor-version":[{"id":3153,"href":"https:\/\/caju.promo\/it\/wp-json\/wp\/v2\/pages\/2323\/revisions\/3153"}],"wp:attachment":[{"href":"https:\/\/caju.promo\/it\/wp-json\/wp\/v2\/media?parent=2323"}],"curies":[{"name":"wp","href":"https:\/\/api.w.org\/{rel}","templated":true}]}}