{"id":2321,"date":"2022-02-14T14:54:23","date_gmt":"2022-02-14T14:54:23","guid":{"rendered":"https:\/\/caju.promo\/?page_id=2321"},"modified":"2025-10-08T13:45:01","modified_gmt":"2025-10-08T13:45:01","slug":"chi-siamo","status":"publish","type":"page","link":"https:\/\/caju.promo\/it\/chi-siamo\/","title":{"rendered":"Chi siamo"},"content":{"rendered":"<p><div class=\"fusion-fullwidth fullwidth-box fusion-builder-row-1 fusion-flex-container hundred-percent-fullwidth non-hundred-percent-height-scrolling\" style=\"--link_hover_color: #fe5000;--link_color: #ffffff;--awb-border-radius-top-left:0px;--awb-border-radius-top-right:0px;--awb-border-radius-bottom-right:0px;--awb-border-radius-bottom-left:0px;--awb-padding-top:120px;--awb-padding-right:30px;--awb-padding-bottom:30px;--awb-padding-left:30px;--awb-padding-top-medium:20px;--awb-padding-bottom-medium:50px;--awb-padding-top-small:20px;--awb-padding-bottom-small:50px;--awb-margin-top:0px;--awb-margin-bottom:0px;--awb-flex-wrap:wrap;\" ><div class=\"fusion-builder-row fusion-row fusion-flex-align-items-flex-start fusion-flex-content-wrap\" style=\"width:calc( 100% + 0px ) !important;max-width:calc( 100% + 0px ) !important;margin-left: calc(-0px \/ 2 );margin-right: calc(-0px \/ 2 );\"><div class=\"fusion-layout-column fusion_builder_column fusion-builder-column-0 fusion_builder_column_1_3 1_3 fusion-flex-column fusion-animated\" style=\"--awb-padding-top:30px;--awb-bg-size:cover;--awb-width-large:33.333333333333%;--awb-margin-top-large:20px;--awb-spacing-right-large:calc( 0.09 * calc( 100% - 0px ) );--awb-margin-bottom-large:0px;--awb-spacing-left-large:calc( 0.18 * calc( 100% - 0px ) );--awb-width-medium:40%;--awb-order-medium:0;--awb-margin-top-medium:0px;--awb-spacing-right-medium:calc( 0.075 * calc( 100% - 0px ) );--awb-spacing-left-medium:calc( 0.15 * calc( 100% - 0px ) );--awb-width-small:100%;--awb-order-small:0;--awb-margin-top-small:0px;--awb-spacing-right-small:0px;--awb-spacing-left-small:0px;\" data-animationType=\"slideInLeft\" data-animationDuration=\"1.5\" data-animationOffset=\"top-into-view\"><div class=\"fusion-column-wrapper fusion-column-has-shadow fusion-flex-justify-content-flex-start fusion-content-layout-column\"><div class=\"fusion-flip-boxes flip-boxes row fusion-columns-1 flip-effect-classic equal-heights\"><div class=\"fusion-flip-box-wrapper fusion-column col-lg-12 col-md-12 col-sm-12\"><div class=\"fusion-flip-box flip-right\" tabindex=\"0\"><div class=\"flip-box-inner-wrapper\"><div class=\"flip-box-front\" style=\"--awb-border-color:#005670;--awb-border-size:0px;--awb-title-front-color:#ffffff;--awb-text-front-color:#ffffff;--awb-background-image-front:url(&#039;https:\/\/caju.promo\/wp-content\/uploads\/2022\/04\/Company-Buyer-1.jpg&#039;);\"><div class=\"flip-box-front-inner\"><\/div><\/div><div class=\"flip-box-back\" style=\"--awb-border-color:#005670;--awb-border-size:0px;--awb-background-image-back:url(&#039;https:\/\/caju.promo\/wp-content\/uploads\/2022\/04\/Consulenza_CSR.jpg&#039;);\"><div class=\"flip-box-back-inner\"><\/div><\/div><\/div><\/div><\/div><\/div><\/div><\/div><div class=\"fusion-layout-column fusion_builder_column fusion-builder-column-1 fusion_builder_column_2_3 2_3 fusion-flex-column fusion-animated\" style=\"--awb-bg-size:cover;--awb-width-large:66.666666666667%;--awb-margin-top-large:20px;--awb-spacing-right-large:calc( 0.09 * calc( 100% - 0px ) );--awb-margin-bottom-large:0px;--awb-spacing-left-large:calc( 0.045 * calc( 100% - 0px ) );--awb-width-medium:40%;--awb-order-medium:0;--awb-spacing-right-medium:calc( 0.15 * calc( 100% - 0px ) );--awb-spacing-left-medium:calc( 0.075 * calc( 100% - 0px ) );--awb-width-small:100%;--awb-order-small:0;--awb-spacing-right-small:0px;--awb-spacing-left-small:0px;\" data-animationType=\"slideInLeft\" data-animationDuration=\"1.5\" data-animationOffset=\"top-into-view\"><div class=\"fusion-column-wrapper fusion-column-has-shadow fusion-flex-justify-content-flex-start fusion-content-layout-column\"><div class=\"fusion-title title fusion-title-1 fusion-sep-none fusion-title-center fusion-title-text fusion-title-size-two fusion-animated\" style=\"--awb-text-color:#ffffff;--awb-margin-top:50px;--awb-margin-top-small:10px;--awb-margin-right-small:0px;--awb-margin-bottom-small:15px;--awb-margin-left-small:0px;\" data-animationType=\"slideInLeft\" data-animationDuration=\"1.8\" data-animationOffset=\"top-into-view\"><h2 class=\"fusion-title-heading title-heading-center fusion-responsive-typography-calculated\" style=\"margin:0;text-transform:var(--awb-typography2-text-transform);--fontSize:36;line-height:1.28;\"><h1 class=\"font_0\" style=\"text-align: left;\">CHI SIAMO<\/h1><\/h2><\/div><div class=\"fusion-separator\" style=\"align-self: flex-start;margin-right:auto;margin-bottom:20px;width:100%;max-width:30%;\"><div class=\"fusion-separator-border sep-single sep-solid\" style=\"--awb-height:20px;--awb-amount:20px;--awb-sep-color:#fe5000;border-color:#fe5000;border-top-width:2px;\"><\/div><\/div><div class=\"fusion-text fusion-text-1 fusion-animated\" style=\"--awb-text-transform:none;--awb-text-color:#ffffff;\" data-animationType=\"slideInLeft\" data-animationDuration=\"2.3\" data-animationOffset=\"top-into-view\"><div class=\"fusion-text fusion-text-3 fusion-animated\" data-animationtype=\"slideInUp\" data-animationduration=\"2.0\" data-animationoffset=\"top-into-view\">\n<p>Per chi non lo sapesse<strong> il caju \u00e8 un frutto ricco<\/strong>, dolce e curioso al servizio dell\u2019anacardo, il vero <strong>frutto<\/strong> <strong>del cajueiro, una meravigliosa pianta brasiliana<\/strong>. Caju&#8217;, come il caju, \u00e8 in seconda linea, al servizio delle aziende, che rappresentano il prezioso \u201canacardo\u201d.<\/p>\n<p><span style=\"color: #fe5000;\">Caju&#8217; \u00e8 una <em>Balanced Evolution &amp; Sustainability Company<\/em> che, attraverso le proprie attivit\u00e0 di ricerca, selezione e consulenza operativa e strategica facilita l&#8217;evoluzione equilibrata delle aziende partner verso un paradigma economico sostenibile.<\/span><\/p>\n<\/div>\n<div class=\"fusion-separator fusion-no-small-visibility fusion-full-width-sep\" style=\"text-align: center;\"><\/div>\n<\/div><div class=\"accordian fusion-accordian\" style=\"--awb-border-size:1px;--awb-icon-size:16px;--awb-content-font-size:var(--awb-typography4-font-size);--awb-icon-alignment:left;--awb-hover-color:var(--awb-color2);--awb-border-color:var(--awb-color3);--awb-background-color:var(--awb-color1);--awb-divider-color:var(--awb-color3);--awb-divider-hover-color:var(--awb-color3);--awb-icon-color:var(--awb-color1);--awb-title-color:#ffffff;--awb-content-color:#ffffff;--awb-icon-box-color:#ffffff;--awb-toggle-hover-accent-color:var(--awb-color2);--awb-title-font-family:&quot;Montserrat&quot;;--awb-title-font-weight:700;--awb-title-font-style:normal;--awb-title-font-size:18px;--awb-content-font-family:var(--awb-typography4-font-family);--awb-content-font-weight:var(--awb-typography4-font-weight);--awb-content-font-style:var(--awb-typography4-font-style);\"><div class=\"panel-group fusion-toggle-icon-boxed\" id=\"accordion-2321-1\"><div class=\"fusion-panel panel-default panel-0f8a5a35ab1fe2a1f fusion-toggle-no-divider\"><div class=\"panel-heading\"><h4 class=\"panel-title toggle\" id=\"toggle_0f8a5a35ab1fe2a1f\"><a aria-expanded=\"false\" aria-controls=\"0f8a5a35ab1fe2a1f\" role=\"button\" data-toggle=\"collapse\" data-target=\"#0f8a5a35ab1fe2a1f\" href=\"#0f8a5a35ab1fe2a1f\"><span class=\"fusion-toggle-icon-wrapper\" aria-hidden=\"true\"><i class=\"fa-fusion-box active-icon awb-icon-minus\" aria-hidden=\"true\"><\/i><i class=\"fa-fusion-box inactive-icon awb-icon-plus\" aria-hidden=\"true\"><\/i><\/span><span class=\"fusion-toggle-heading\">Scopri di pi\u00f9 su Caj\u00f9<\/span><\/a><\/h4><\/div><div id=\"0f8a5a35ab1fe2a1f\" class=\"panel-collapse collapse \" aria-labelledby=\"toggle_0f8a5a35ab1fe2a1f\"><div class=\"panel-body toggle-content fusion-clearfix\">\n<p>Caj\u00f9 ha un approccio estremamente operativo e fattuale, consapevole di apprendere dagli studi continui e dalle esperienze di ogni giorno. Il privilegio di collaborare con tante aziende di dimensioni, necessit\u00e0 e provenienti da settori diversi arricchisce Caj\u00f9 di competenze trasversali che vengono portate a beneficio di tutti: i clienti possono cos\u00ec accedere a soluzioni, idee e approcci che difficilmente potrebbero trovare all\u2019interno della propria organizzazione.<\/p>\n<p><strong>Cos\u00ec come il colibr\u00ec, passando di fiore in fiore, si contamina ma al tempo stesso contribuisce ad impollinare e dare vita, Caj\u00f9 aggrega esperienza e competenza grazie allo scambio quotidiano con produttori e clienti di settori diversi.<\/strong><\/p>\n<p>Caj\u00f9 ha le <em>mani libere<\/em>, ha scelto di non vincolarsi ad alcun fornitore o distributore. Ha deciso di non investire in macchinari produttivi per evitare qualsiasi condizionamento nel trovare la soluzione migliore per il cliente. Questo approccio garantisce la <strong>massima autonomia e indipendenza nelle scelte strategiche e di mercato.<\/strong><\/p>\n<p>Caju\u2019 \u00e8 alla <strong>continua ricerca<\/strong> di innovazione, materiali alternativi o di recupero, pratiche e processi sostenibili, usi e riusi per guidare le aziende partner verso un&#8217;<strong><a href=\"https:\/\/caju.promo\/company-buyer\/evoluzione-equilibrata\/\">Evoluzione Equilibrata<\/a><\/strong>, ottimizzando il ciclo di vita del prodotto e puntando alla circolarit\u00e0 dello stesso.<\/p>\n<\/div><\/div><\/div><\/div><\/div><\/div><\/div><\/div><\/div><div class=\"fusion-fullwidth fullwidth-box fusion-builder-row-2 fusion-flex-container hundred-percent-fullwidth non-hundred-percent-height-scrolling\" style=\"--link_hover_color: #fe5000;--link_color: #ffffff;--awb-border-radius-top-left:0px;--awb-border-radius-top-right:0px;--awb-border-radius-bottom-right:0px;--awb-border-radius-bottom-left:0px;--awb-padding-top:0px;--awb-padding-right:0px;--awb-padding-bottom:100px;--awb-padding-left:0px;--awb-padding-bottom-medium:30px;--awb-padding-bottom-small:30px;--awb-margin-top:0px;--awb-margin-bottom:0px;--awb-background-color:#ffffff;--awb-flex-wrap:wrap;\" ><div class=\"fusion-builder-row fusion-row fusion-flex-align-items-flex-start fusion-flex-content-wrap\" style=\"width:calc( 100% + 0px ) !important;max-width:calc( 100% + 0px ) !important;margin-left: calc(-0px \/ 2 );margin-right: calc(-0px \/ 2 );\"><div class=\"fusion-layout-column fusion_builder_column fusion-builder-column-2 fusion_builder_column_1_1 1_1 fusion-flex-column fusion-animated\" style=\"--awb-padding-top-medium:30px;--awb-padding-top-small:30px;--awb-bg-color:#ffffff;--awb-bg-color-hover:#ffffff;--awb-bg-size:cover;--awb-width-large:100%;--awb-margin-top-large:0px;--awb-spacing-right-large:0px;--awb-margin-bottom-large:0px;--awb-spacing-left-large:0px;--awb-width-medium:40%;--awb-order-medium:0;--awb-spacing-right-medium:0px;--awb-spacing-left-medium:0px;--awb-width-small:100%;--awb-order-small:0;--awb-spacing-right-small:0px;--awb-spacing-left-small:0px;\" data-animationType=\"slideInLeft\" data-animationDuration=\"1.5\" data-animationOffset=\"top-into-view\"><div class=\"fusion-column-wrapper fusion-column-has-shadow fusion-flex-justify-content-flex-start fusion-content-layout-column\"><div class=\"fusion-title title fusion-title-2 fusion-sep-none fusion-title-center fusion-title-text fusion-title-size-two fusion-animated\" style=\"--awb-text-color:#005670;--awb-margin-top:50px;--awb-margin-top-small:10px;--awb-margin-right-small:0px;--awb-margin-bottom-small:15px;--awb-margin-left-small:0px;\" data-animationType=\"slideInLeft\" data-animationDuration=\"1.8\" data-animationOffset=\"top-into-view\"><h2 class=\"fusion-title-heading title-heading-center fusion-responsive-typography-calculated\" style=\"margin:0;text-transform:var(--awb-typography2-text-transform);--fontSize:36;line-height:1.28;\"><h1 style=\"text-align: center; color: #005670;\">IL TEAM, il Cajueiro<\/h1><\/h2><\/div><div class=\"fusion-separator\" style=\"align-self: center;margin-left: auto;margin-right: auto;margin-bottom:20px;width:100%;max-width:30%;\"><div class=\"fusion-separator-border sep-single sep-solid\" style=\"--awb-height:20px;--awb-amount:20px;--awb-sep-color:#fe5000;border-color:#fe5000;border-top-width:2px;\"><\/div><\/div><\/div><\/div><div class=\"fusion-layout-column fusion_builder_column fusion-builder-column-3 fusion_builder_column_1_1 1_1 fusion-flex-column fusion-animated\" style=\"--awb-padding-top:50px;--awb-bg-color:#ffffff;--awb-bg-color-hover:#ffffff;--awb-bg-size:cover;--awb-width-large:100%;--awb-margin-top-large:20px;--awb-spacing-right-large:calc( 0.15 * calc( 100% - 0px ) );--awb-margin-bottom-large:0px;--awb-spacing-left-large:calc( 0.15 * calc( 100% - 0px ) );--awb-width-medium:40%;--awb-order-medium:0;--awb-spacing-right-medium:calc( 0.375 * calc( 100% - 0px ) );--awb-spacing-left-medium:calc( 0.375 * calc( 100% - 0px ) );--awb-width-small:100%;--awb-order-small:0;--awb-spacing-right-small:0px;--awb-spacing-left-small:0px;\" data-animationType=\"slideInLeft\" data-animationDuration=\"1.5\" data-animationOffset=\"top-into-view\"><div class=\"fusion-column-wrapper fusion-column-has-shadow fusion-flex-justify-content-flex-start fusion-content-layout-column\"><div class=\"fusion-flip-boxes flip-boxes row fusion-columns-2 flip-effect-classic equal-heights\"><div class=\"fusion-flip-box-wrapper fusion-column col-lg-6 col-md-6 col-sm-6\"><div class=\"fusion-flip-box flip-right\" tabindex=\"0\"><div class=\"flip-box-inner-wrapper\"><div class=\"flip-box-front\" style=\"--awb-border-color:#005670;--awb-border-size:0px;--awb-title-front-color:var(--awb-color2);--awb-text-front-color:#ffffff;--awb-background-image-front:url(&#039;https:\/\/caju.promo\/wp-content\/uploads\/2022\/05\/Andrea-1024x1024.jpg&#039;);\"><div class=\"flip-box-front-inner\"><h2 class=\"flip-box-heading without-text\">ANDREA<\/h2><\/div><\/div><div class=\"flip-box-back\" style=\"--awb-border-color:#005670;--awb-border-size:0px;--awb-background-color-back:#005670;\"><div class=\"flip-box-back-inner\"><h3 class=\"flip-box-heading-back\">Founder and Balanced Evolution Developer<\/h3>\n<p style=\"text-align: center; color: #ffffff;\">Andrea cura quotidianamente il cajueiro<br \/>\n<a href=\"mailto:aa@caju.promo\" target=\"_blank\" rel=\"noopener\">aa@caju.promo<\/a><br \/>\n<a href=\"tel:+39 348 739 9175\">+39 348 739 9175<\/a><\/p>\n<\/div><\/div><\/div><\/div><\/div><div class=\"fusion-flip-box-wrapper fusion-column col-lg-6 col-md-6 col-sm-6\"><div class=\"fusion-flip-box flip-right\" tabindex=\"0\"><div class=\"flip-box-inner-wrapper\"><div class=\"flip-box-front\" style=\"--awb-border-color:#005670;--awb-border-size:0px;--awb-title-front-color:var(--awb-color2);--awb-text-front-color:#ffffff;--awb-background-image-front:url(&#039;https:\/\/caju.promo\/wp-content\/uploads\/2022\/05\/Davide-1-1024x1024.jpg&#039;);\"><div class=\"flip-box-front-inner\"><h2 class=\"flip-box-heading without-text\">DAVIDE<\/h2><\/div><\/div><div class=\"flip-box-back\" style=\"--awb-border-color:#005670;--awb-border-size:0px;--awb-background-color-back:#005670;\"><div class=\"flip-box-back-inner\"><h3 class=\"flip-box-heading-back\">Back Office Analyst <\/h3>\n<p style=\"text-align: center; color: #ffffff;\">Davide segue la gestione quotidiana dei progetti<br \/>\n<a href=\"mailto:dp@caju.promo\" target=\"_blank\" rel=\"noopener\">dp@caju.promo<\/a><br \/>\n<a href=\"tel:+39 348 3273993157\">+39 327 399 3157<\/a><\/p>\n<\/div><\/div><\/div><\/div><\/div><\/div><\/div><\/div><div class=\"fusion-layout-column fusion_builder_column fusion-builder-column-4 fusion_builder_column_1_1 1_1 fusion-flex-column fusion-animated\" style=\"--awb-padding-top:30px;--awb-padding-top-medium:0px;--awb-padding-top-small:0px;--awb-bg-color:#ffffff;--awb-bg-color-hover:#ffffff;--awb-bg-size:cover;--awb-width-large:100%;--awb-margin-top-large:20px;--awb-spacing-right-large:calc( 0.15 * calc( 100% - 0px ) );--awb-margin-bottom-large:0px;--awb-spacing-left-large:calc( 0.15 * calc( 100% - 0px ) );--awb-width-medium:40%;--awb-order-medium:0;--awb-spacing-right-medium:calc( 0.375 * calc( 100% - 0px ) );--awb-spacing-left-medium:calc( 0.375 * calc( 100% - 0px ) );--awb-width-small:100%;--awb-order-small:0;--awb-spacing-right-small:0px;--awb-spacing-left-small:0px;\" data-animationType=\"slideInLeft\" data-animationDuration=\"1.5\" data-animationOffset=\"top-into-view\"><div class=\"fusion-column-wrapper fusion-column-has-shadow fusion-flex-justify-content-flex-start fusion-content-layout-column\"><div class=\"fusion-flip-boxes flip-boxes row fusion-columns-3 flip-effect-classic equal-heights\"><div class=\"fusion-flip-box-wrapper fusion-column col-lg-4 col-md-4 col-sm-4\"><div class=\"fusion-flip-box flip-right\" tabindex=\"0\"><div class=\"flip-box-inner-wrapper\"><div class=\"flip-box-front\" style=\"--awb-border-color:#005670;--awb-border-size:0px;--awb-title-front-color:var(--awb-color2);--awb-text-front-color:#ffffff;--awb-background-image-front:url(&#039;https:\/\/caju.promo\/wp-content\/uploads\/2022\/05\/Mario-1024x1024.jpg&#039;);\"><div class=\"flip-box-front-inner\"><h2 class=\"flip-box-heading without-text\">MARIO<\/h2><\/div><\/div><div class=\"flip-box-back\" style=\"--awb-border-color:#005670;--awb-border-size:0px;--awb-background-color-back:#005670;\"><div class=\"flip-box-back-inner\"><h3 class=\"flip-box-heading-back\">General Supervisor<\/h3>\n<p style=\"text-align: center; color: #ffffff;\">Mario offre spunti per la comunicazione e per lo sviluppo strategico<\/p>\n<\/div><\/div><\/div><\/div><\/div><div class=\"fusion-flip-box-wrapper fusion-column col-lg-4 col-md-4 col-sm-4\"><div class=\"fusion-flip-box flip-right\" tabindex=\"0\"><div class=\"flip-box-inner-wrapper\"><div class=\"flip-box-front\" style=\"--awb-border-color:#005670;--awb-border-size:0px;--awb-title-front-color:var(--awb-color2);--awb-text-front-color:#ffffff;--awb-background-image-front:url(&#039;https:\/\/caju.promo\/wp-content\/uploads\/2022\/05\/Gaia-1024x1024.jpg&#039;);\"><div class=\"flip-box-front-inner\"><h2 class=\"flip-box-heading without-text\">GAIA<\/h2><\/div><\/div><div class=\"flip-box-back\" style=\"--awb-border-color:#005670;--awb-border-size:0px;--awb-background-color-back:#005670;\"><div class=\"flip-box-back-inner\"><h3 class=\"flip-box-heading-back\">Web and Graphic Designer <\/h3>\n<p style=\"text-align: center; color: #ffffff;\">Gaia disegna il nostro mondo curando la grafica a tutto tondo<br \/>\n<a href=\"mailto:info@gaiascottiadv.it\" target=\"_blank\" rel=\"noopener\">info@gaiascottiadv.it<\/a><br \/>\n<a href=\"www.gaiascottiadv.it\">www.gaiascottiadv.it<\/a><\/p>\n<\/div><\/div><\/div><\/div><\/div><div class=\"fusion-flip-box-wrapper fusion-column col-lg-4 col-md-4 col-sm-4\"><div class=\"fusion-flip-box flip-right\" tabindex=\"0\"><div class=\"flip-box-inner-wrapper\"><div class=\"flip-box-front\" style=\"--awb-border-color:#005670;--awb-border-size:0px;--awb-title-front-color:var(--awb-color2);--awb-text-front-color:#ffffff;--awb-background-image-front:url(&#039;https:\/\/caju.promo\/wp-content\/uploads\/2022\/05\/Federica-1024x1024.jpg&#039;);\"><div class=\"flip-box-front-inner\"><h2 class=\"flip-box-heading without-text\">FEDERICA<\/h2><\/div><\/div><div class=\"flip-box-back\" style=\"--awb-border-color:#005670;--awb-border-size:0px;--awb-background-color-back:#005670;\"><div class=\"flip-box-back-inner\"><h3 class=\"flip-box-heading-back\">Illustrator in Dreams<\/h3>\n<p style=\"text-align: center; color: #ffffff;\">Federica illustra i nostri progetti, le nostre idee e i nostri sogni<\/p>\n<p><a href=\"https:\/\/www.instagram.com\/fw.illustrazioni\/\">fw.illustrazioni<\/a><\/p>\n<\/div><\/div><\/div><\/div><\/div><\/div><\/div><\/div><\/div><\/div><div class=\"fusion-fullwidth fullwidth-box fusion-builder-row-3 fusion-flex-container hundred-percent-fullwidth non-hundred-percent-height-scrolling\" style=\"--link_hover_color: #fe5000;--link_color: #ffffff;--awb-border-radius-top-left:0px;--awb-border-radius-top-right:0px;--awb-border-radius-bottom-right:0px;--awb-border-radius-bottom-left:0px;--awb-padding-top:30px;--awb-padding-right:30px;--awb-padding-bottom:60px;--awb-padding-left:30px;--awb-margin-top:0px;--awb-margin-bottom:0px;--awb-flex-wrap:wrap;\" ><div class=\"fusion-builder-row fusion-row fusion-flex-align-items-flex-start fusion-flex-content-wrap\" style=\"width:calc( 100% + 0px ) !important;max-width:calc( 100% + 0px ) !important;margin-left: calc(-0px \/ 2 );margin-right: calc(-0px \/ 2 );\"><div class=\"fusion-layout-column fusion_builder_column fusion-builder-column-5 fusion_builder_column_1_1 1_1 fusion-flex-column fusion-animated\" style=\"--awb-padding-top-medium:30px;--awb-padding-top-small:30px;--awb-bg-size:cover;--awb-width-large:100%;--awb-margin-top-large:20px;--awb-spacing-right-large:calc( 0.06 * calc( 100% - 0px ) );--awb-margin-bottom-large:0px;--awb-spacing-left-large:calc( 0.06 * calc( 100% - 0px ) );--awb-width-medium:40%;--awb-order-medium:0;--awb-spacing-right-medium:calc( 0.15 * calc( 100% - 0px ) );--awb-spacing-left-medium:calc( 0.15 * calc( 100% - 0px ) );--awb-width-small:100%;--awb-order-small:0;--awb-spacing-right-small:0px;--awb-spacing-left-small:0px;\" data-animationType=\"slideInLeft\" data-animationDuration=\"1.5\" data-animationOffset=\"top-into-view\"><div class=\"fusion-column-wrapper fusion-column-has-shadow fusion-flex-justify-content-flex-start fusion-content-layout-column\"><div class=\"fusion-title title fusion-title-3 fusion-sep-none fusion-title-center fusion-title-text fusion-title-size-two fusion-animated\" style=\"--awb-text-color:#ffffff;--awb-margin-top:50px;--awb-margin-top-small:10px;--awb-margin-right-small:0px;--awb-margin-bottom-small:15px;--awb-margin-left-small:0px;\" data-animationType=\"slideInLeft\" data-animationDuration=\"1.8\" data-animationOffset=\"top-into-view\"><h2 class=\"fusion-title-heading title-heading-center fusion-responsive-typography-calculated\" style=\"margin:0;text-transform:var(--awb-typography2-text-transform);--fontSize:36;line-height:1.28;\"><h1 class=\"font_0\" style=\"text-align: center;\">IL NOSTRO PERCORSO<\/h1><\/h2><\/div><div class=\"fusion-separator\" style=\"align-self: center;margin-left: auto;margin-right: auto;margin-bottom:30px;width:100%;max-width:30%;\"><div class=\"fusion-separator-border sep-single sep-solid\" style=\"--awb-height:20px;--awb-amount:20px;--awb-sep-color:#fe5000;border-color:#fe5000;border-top-width:2px;\"><\/div><\/div><div class=\"fusion-text fusion-text-2\" style=\"--awb-text-transform:none;--awb-text-color:#ffffff;\"><p><strong>MISSIONE<\/strong><br \/>\nStare quotidianamente a fianco delle aziende partner per ricercare costantemente e in maniera fattuale il miglior equilibrio tra profitto economico, salute dell&#8217;ambiente e centralit\u00e0 della persona.<\/p>\n<p><strong>VISIONE<\/strong><br \/>\nOccuparci e non preoccuparci del futuro del pianeta perseguendo l&#8217;evoluzione equilibrata delle aziende partner.<\/p>\n<p><strong>VALORI DEL NOSTRO CAJUEIRO<\/strong><\/p>\n<ol>\n<li>Semplifica, fai meglio con meno puntando all\u2019essenziale e abbandonando il superfluo.<\/li>\n<li>Pensa al risultato di lungo periodo e non accontentarti di una soluzione pronta per il breve termine.<\/li>\n<li>Quando sei in ritardo, rallenta. <em>(cit. U.A.)<\/em><\/li>\n<li>Goditi il percorso.<\/li>\n<li>Considera i soldi come mezzo e la felicit\u00e0 come meta.<\/li>\n<li>Crea e aggiungi valore, insegui la bellezza.<\/li>\n<li>Valorizza la (bio)diversit\u00e0 perch\u00e9 da essa nasce il valore.<\/li>\n<li>Sii empatico, ascolta, osserva per capire l&#8217;altro. Ogni voce conta.<\/li>\n<li>Gentilezza genera gentilezza. <em>Gentileza gera gentileza<\/em><\/li>\n<li>Comunica sinceramente.<\/li>\n<li>Approfondisci, migliora ogni giorno, osa.<\/li>\n<li>Competi verso ci\u00f2 che al momento \u00e8 possibile, non contro i concorrenti. Pensa all\u2019altro (fornitore o cliente che sia) come parte della tua stessa organizzazione. Non considerarlo come \u201caltro\u201d.<\/li>\n<li>Fortifica il tuo gruppo, la tua trib\u00f9.<\/li>\n<li>Festeggia ogni meta raggiunta, indipendentemente dalla sua grandezza.<\/li>\n<li>Cerca di passare dalla disciplina alla consuetudine ed infine all\u2019abitudine.<\/li>\n<li>Gestisci prima LA priorit\u00e0 (=la sola e unica cosa che, essendo realizzata rende inutili o pi\u00f9 semplici tutte le altre), poi le cose importanti ed infine le cose urgenti.<\/li>\n<li>Sorridi, sii ottimista e grato. Percepisci e valorizza quotidianamente le piccole e grandi cose buone. Sviluppa l&#8217;abilit\u00e0 di guardare prima a ci\u00f2 che \u00e8 buono, senza negare o minimizzare le difficolt\u00e0.<\/li>\n<\/ol>\n<\/div><div class=\"fusion-separator\" style=\"align-self: flex-start;margin-right:auto;margin-bottom:30px;width:100%;max-width:30%;\"><\/div><div ><a class=\"fusion-button button-flat fusion-button-default-size button-default fusion-button-default button-1 fusion-button-default-span fusion-button-default-type\" target=\"_self\" href=\"https:\/\/caju.promo\/dichiarazione-di-politica-ambientale\"><span class=\"fusion-button-text awb-button__text awb-button__text--default\">Dichiarazione di politica ambientale<\/span><\/a><\/div><\/div><\/div><\/div><\/div><\/p>\n","protected":false},"excerpt":{"rendered":"","protected":false},"author":1,"featured_media":0,"parent":0,"menu_order":0,"comment_status":"closed","ping_status":"closed","template":"100-width.php","meta":{"footnotes":""},"class_list":["post-2321","page","type-page","status-publish","hentry"],"_links":{"self":[{"href":"https:\/\/caju.promo\/it\/wp-json\/wp\/v2\/pages\/2321","targetHints":{"allow":["GET"]}}],"collection":[{"href":"https:\/\/caju.promo\/it\/wp-json\/wp\/v2\/pages"}],"about":[{"href":"https:\/\/caju.promo\/it\/wp-json\/wp\/v2\/types\/page"}],"author":[{"embeddable":true,"href":"https:\/\/caju.promo\/it\/wp-json\/wp\/v2\/users\/1"}],"replies":[{"embeddable":true,"href":"https:\/\/caju.promo\/it\/wp-json\/wp\/v2\/comments?post=2321"}],"version-history":[{"count":89,"href":"https:\/\/caju.promo\/it\/wp-json\/wp\/v2\/pages\/2321\/revisions"}],"predecessor-version":[{"id":5064,"href":"https:\/\/caju.promo\/it\/wp-json\/wp\/v2\/pages\/2321\/revisions\/5064"}],"wp:attachment":[{"href":"https:\/\/caju.promo\/it\/wp-json\/wp\/v2\/media?parent=2321"}],"curies":[{"name":"wp","href":"https:\/\/api.w.org\/{rel}","templated":true}]}}